{"id":3366,"date":"2023-07-13T13:29:37","date_gmt":"2023-07-13T13:29:37","guid":{"rendered":"https:\/\/shoppers.helionresearch.com\/?page_id=3366"},"modified":"2024-05-23T12:19:59","modified_gmt":"2024-05-23T12:19:59","slug":"about-it","status":"publish","type":"page","link":"https:\/\/shoppers.helionresearch.com\/sv\/about-it\/","title":{"rendered":"Helion Research Shoppers &#8211; About &#8211; Italian"},"content":{"rendered":"<div data-elementor-type=\"wp-page\" data-elementor-id=\"3366\" class=\"elementor elementor-3366\" data-elementor-post-type=\"page\">\n\t\t\t\t\t\t<section class=\"elementor-section elementor-top-section elementor-element elementor-element-31050e63 elementor-section-height-min-height elementor-section-boxed elementor-section-height-default elementor-section-items-middle\" data-id=\"31050e63\" data-element_type=\"section\" data-e-type=\"section\" data-settings=\"{&quot;background_background&quot;:&quot;classic&quot;,&quot;shape_divider_bottom&quot;:&quot;waves&quot;}\">\n\t\t\t\t\t\t\t<div class=\"elementor-background-overlay\"><\/div>\n\t\t\t\t\t\t<div class=\"elementor-shape elementor-shape-bottom\" aria-hidden=\"true\" data-negative=\"false\">\n\t\t\t<svg xmlns=\"http:\/\/www.w3.org\/2000\/svg\" viewbox=\"0 0 1000 100\" preserveaspectratio=\"none\">\n\t<path class=\"elementor-shape-fill\" d=\"M421.9,6.5c22.6-2.5,51.5,0.4,75.5,5.3c23.6,4.9,70.9,23.5,100.5,35.7c75.8,32.2,133.7,44.5,192.6,49.7\tc23.6,2.1,48.7,3.5,103.4-2.5c54.7-6,106.2-25.6,106.2-25.6V0H0v30.3c0,0,72,32.6,158.4,30.5c39.2-0.7,92.8-6.7,134-22.4\tc21.2-8.1,52.2-18.2,79.7-24.2C399.3,7.9,411.6,7.5,421.9,6.5z\"\/>\n<\/svg>\t\t<\/div>\n\t\t\t\t\t<div class=\"elementor-container elementor-column-gap-default\">\n\t\t\t\t\t<div class=\"elementor-column elementor-col-100 elementor-top-column elementor-element elementor-element-2db25210\" data-id=\"2db25210\" data-element_type=\"column\" data-e-type=\"column\">\n\t\t\t<div class=\"elementor-widget-wrap elementor-element-populated\">\n\t\t\t\t\t\t<div class=\"elementor-element elementor-element-1bd8d753 elementor-widget elementor-widget-heading\" data-id=\"1bd8d753\" data-element_type=\"widget\" data-e-type=\"widget\" data-widget_type=\"heading.default\">\n\t\t\t\t<div class=\"elementor-widget-container\">\n\t\t\t\t\t<h1 class=\"elementor-heading-title elementor-size-default\">Chi siamo<\/h1>\t\t\t\t<\/div>\n\t\t\t\t<\/div>\n\t\t\t\t\t<\/div>\n\t\t<\/div>\n\t\t\t\t\t<\/div>\n\t\t<\/section>\n\t\t\t\t<section class=\"elementor-section elementor-top-section elementor-element elementor-element-7cb3ff54 elementor-section-boxed elementor-section-height-default elementor-section-height-default\" data-id=\"7cb3ff54\" data-element_type=\"section\" data-e-type=\"section\" data-settings=\"{&quot;background_background&quot;:&quot;classic&quot;}\">\n\t\t\t\t\t\t\t<div class=\"elementor-background-overlay\"><\/div>\n\t\t\t\t\t\t\t<div class=\"elementor-container elementor-column-gap-custom\">\n\t\t\t\t\t<div class=\"elementor-column elementor-col-50 elementor-top-column elementor-element elementor-element-36c02c01\" data-id=\"36c02c01\" data-element_type=\"column\" data-e-type=\"column\">\n\t\t\t<div class=\"elementor-widget-wrap elementor-element-populated\">\n\t\t\t\t\t\t<div class=\"elementor-element elementor-element-63a22a62 elementor-widget elementor-widget-heading\" data-id=\"63a22a62\" data-element_type=\"widget\" data-e-type=\"widget\" data-widget_type=\"heading.default\">\n\t\t\t\t<div class=\"elementor-widget-container\">\n\t\t\t\t\t<h2 class=\"elementor-heading-title elementor-size-default\">Siamo globali<\/h2>\t\t\t\t<\/div>\n\t\t\t\t<\/div>\n\t\t\t\t<div class=\"elementor-element elementor-element-99841a4 elementor-widget elementor-widget-text-editor\" data-id=\"99841a4\" data-element_type=\"widget\" data-e-type=\"widget\" data-widget_type=\"text-editor.default\">\n\t\t\t\t<div class=\"elementor-widget-container\">\n\t\t\t\t\t\t\t\t\t<p>Helion Research \u00e8 una rinomata azienda di mystery shopping con una forte presenza globale. Con oltre <strong>400.000 mystery shopper<\/strong> in pi\u00f9 di <strong>100 paesi<\/strong> in tutto il mondo, Helion Research \u00e8 una delle pi\u00f9 grandi aziende di mystery shopping al mondo. La nostra forza sul campo \u00e8 composta da individui altamente preparati che sono esperti nelle rispettive regioni e mercati.<\/p><p>Oltre alla nostra forza sul campo globale, abbiamo uffici in<strong> Belgio, Sudafrica e Bulgaria<\/strong>. Lavoriamo con una vasta gamma di grandi e rinomati marchi in diverse industrie, aiutandoli a migliorare l&#8217;esperienza del cliente e ottenere un vantaggio competitivo sul mercato.<\/p><p>Presso Helion Research, comprendiamo che avere un pool diversificato di partecipanti pu\u00f2 fornire preziose informazioni sull&#8217;esperienza del cliente. Accogliamo chiunque desideri unirsi al nostro panel e offriamo formazione per aiutarli a diventare eccellenti mystery shoppers.<\/p><p>Il nostro programma di formazione \u00e8 progettato per fornire ai partecipanti le competenze e le conoscenze necessarie per svolgere in modo efficace gli incarichi di mystery shopping. Forniamo materiali di formazione completi e supporto per garantire che i nostri partecipanti siano preparati a completare i loro incarichi con precisione e coerenza.<\/p><p>Crediamo che il nostro approccio di costruire un ampio e diversificato panel di mystery shopper ci consenta di raccogliere dati preziosi da diverse prospettive, aiutando i nostri clienti a ottenere una comprensione pi\u00f9 approfondita delle esperienze dei loro clienti.<\/p>\t\t\t\t\t\t\t\t<\/div>\n\t\t\t\t<\/div>\n\t\t\t\t<div class=\"elementor-element elementor-element-463bfaa4 elementor-align-left elementor-mobile-align-center elementor-widget elementor-widget-button\" data-id=\"463bfaa4\" data-element_type=\"widget\" data-e-type=\"widget\" data-widget_type=\"button.default\">\n\t\t\t\t<div class=\"elementor-widget-container\">\n\t\t\t\t\t\t\t\t\t<div class=\"elementor-button-wrapper\">\n\t\t\t\t\t<a class=\"elementor-button elementor-button-link elementor-size-md\" href=\"https:\/\/www.helionresearch.com\/nl\/home\" target=\"_blank\">\n\t\t\t\t\t\t<span class=\"elementor-button-content-wrapper\">\n\t\t\t\t\t\t\t\t\t<span class=\"elementor-button-text\">Sito aziendale<\/span>\n\t\t\t\t\t<\/span>\n\t\t\t\t\t<\/a>\n\t\t\t\t<\/div>\n\t\t\t\t\t\t\t\t<\/div>\n\t\t\t\t<\/div>\n\t\t\t\t\t<\/div>\n\t\t<\/div>\n\t\t\t\t<div class=\"elementor-column elementor-col-50 elementor-top-column elementor-element elementor-element-76fb3157\" data-id=\"76fb3157\" data-element_type=\"column\" data-e-type=\"column\">\n\t\t\t<div class=\"elementor-widget-wrap elementor-element-populated\">\n\t\t\t\t\t\t<div class=\"elementor-element elementor-element-32f5617d elementor-absolute elementor-widget elementor-widget-image\" data-id=\"32f5617d\" data-element_type=\"widget\" data-e-type=\"widget\" data-settings=\"{&quot;motion_fx_motion_fx_scrolling&quot;:&quot;yes&quot;,&quot;motion_fx_translateY_effect&quot;:&quot;yes&quot;,&quot;motion_fx_translateY_speed&quot;:{&quot;unit&quot;:&quot;px&quot;,&quot;size&quot;:&quot;1&quot;,&quot;sizes&quot;:[]},&quot;_position&quot;:&quot;absolute&quot;,&quot;motion_fx_translateY_affectedRange&quot;:{&quot;unit&quot;:&quot;%&quot;,&quot;size&quot;:&quot;&quot;,&quot;sizes&quot;:{&quot;start&quot;:0,&quot;end&quot;:100}},&quot;motion_fx_devices&quot;:[&quot;desktop&quot;,&quot;tablet&quot;,&quot;mobile&quot;]}\" data-widget_type=\"image.default\">\n\t\t\t\t<div class=\"elementor-widget-container\">\n\t\t\t\t\t\t\t\t\t\t\t\t\t\t\t<img fetchpriority=\"high\" decoding=\"async\" width=\"992\" height=\"1403\" src=\"https:\/\/shoppers.helionresearch.com\/wp-content\/uploads\/2023\/03\/international-mystery-shopper-jobs.png\" class=\"attachment-full size-full wp-image-1627\" alt=\"\" srcset=\"https:\/\/shoppers.helionresearch.com\/wp-content\/uploads\/2023\/03\/international-mystery-shopper-jobs.png 992w, https:\/\/shoppers.helionresearch.com\/wp-content\/uploads\/2023\/03\/international-mystery-shopper-jobs-212x300.png 212w, https:\/\/shoppers.helionresearch.com\/wp-content\/uploads\/2023\/03\/international-mystery-shopper-jobs-724x1024.png 724w, https:\/\/shoppers.helionresearch.com\/wp-content\/uploads\/2023\/03\/international-mystery-shopper-jobs-768x1086.png 768w\" sizes=\"(max-width: 992px) 100vw, 992px\" \/>\t\t\t\t\t\t\t\t\t\t\t\t\t\t\t<\/div>\n\t\t\t\t<\/div>\n\t\t\t\t\t<\/div>\n\t\t<\/div>\n\t\t\t\t\t<\/div>\n\t\t<\/section>\n\t\t\t\t<section class=\"elementor-section elementor-top-section elementor-element elementor-element-1182077a elementor-section-boxed elementor-section-height-default elementor-section-height-default\" data-id=\"1182077a\" data-element_type=\"section\" data-e-type=\"section\" data-settings=\"{&quot;background_background&quot;:&quot;classic&quot;,&quot;shape_divider_top&quot;:&quot;waves&quot;}\">\n\t\t\t\t\t\t\t<div class=\"elementor-background-overlay\"><\/div>\n\t\t\t\t\t\t<div class=\"elementor-shape elementor-shape-top\" aria-hidden=\"true\" data-negative=\"false\">\n\t\t\t<svg xmlns=\"http:\/\/www.w3.org\/2000\/svg\" viewbox=\"0 0 1000 100\" preserveaspectratio=\"none\">\n\t<path class=\"elementor-shape-fill\" d=\"M421.9,6.5c22.6-2.5,51.5,0.4,75.5,5.3c23.6,4.9,70.9,23.5,100.5,35.7c75.8,32.2,133.7,44.5,192.6,49.7\tc23.6,2.1,48.7,3.5,103.4-2.5c54.7-6,106.2-25.6,106.2-25.6V0H0v30.3c0,0,72,32.6,158.4,30.5c39.2-0.7,92.8-6.7,134-22.4\tc21.2-8.1,52.2-18.2,79.7-24.2C399.3,7.9,411.6,7.5,421.9,6.5z\"\/>\n<\/svg>\t\t<\/div>\n\t\t\t\t\t<div class=\"elementor-container elementor-column-gap-default\">\n\t\t\t\t\t<div class=\"elementor-column elementor-col-50 elementor-top-column elementor-element elementor-element-4bd96626\" data-id=\"4bd96626\" data-element_type=\"column\" data-e-type=\"column\">\n\t\t\t<div class=\"elementor-widget-wrap elementor-element-populated\">\n\t\t\t\t\t\t<div class=\"elementor-element elementor-element-6bca969e elementor-widget elementor-widget-heading\" data-id=\"6bca969e\" data-element_type=\"widget\" data-e-type=\"widget\" data-widget_type=\"heading.default\">\n\t\t\t\t<div class=\"elementor-widget-container\">\n\t\t\t\t\t<h4 class=\"elementor-heading-title elementor-size-default\">Diventa un Mystery Shopper<\/h4>\t\t\t\t<\/div>\n\t\t\t\t<\/div>\n\t\t\t\t<div class=\"elementor-element elementor-element-7ecf0fef elementor-widget elementor-widget-heading\" data-id=\"7ecf0fef\" data-element_type=\"widget\" data-e-type=\"widget\" data-widget_type=\"heading.default\">\n\t\t\t\t<div class=\"elementor-widget-container\">\n\t\t\t\t\t<h2 class=\"elementor-heading-title elementor-size-default\">per uno dei panel di Mystery Shopper pi\u00f9 grandi e solidi del settore.<\/h2>\t\t\t\t<\/div>\n\t\t\t\t<\/div>\n\t\t\t\t<div class=\"elementor-element elementor-element-7dd2d83d elementor-mobile-align-center elementor-widget elementor-widget-button\" data-id=\"7dd2d83d\" data-element_type=\"widget\" data-e-type=\"widget\" data-widget_type=\"button.default\">\n\t\t\t\t<div class=\"elementor-widget-container\">\n\t\t\t\t\t\t\t\t\t<div class=\"elementor-button-wrapper\">\n\t\t\t\t\t<a class=\"elementor-button elementor-button-link elementor-size-md\" href=\"https:\/\/system.helionresearch.com\/auth\/index.asp#signup\" target=\"_blank\">\n\t\t\t\t\t\t<span class=\"elementor-button-content-wrapper\">\n\t\t\t\t\t\t\t\t\t<span class=\"elementor-button-text\">Registrati<\/span>\n\t\t\t\t\t<\/span>\n\t\t\t\t\t<\/a>\n\t\t\t\t<\/div>\n\t\t\t\t\t\t\t\t<\/div>\n\t\t\t\t<\/div>\n\t\t\t\t\t<\/div>\n\t\t<\/div>\n\t\t\t\t<div class=\"elementor-column elementor-col-50 elementor-top-column elementor-element elementor-element-3acf3205\" data-id=\"3acf3205\" data-element_type=\"column\" data-e-type=\"column\">\n\t\t\t<div class=\"elementor-widget-wrap elementor-element-populated\">\n\t\t\t\t\t\t<div class=\"elementor-element elementor-element-4e87d27d elementor-widget elementor-widget-image\" data-id=\"4e87d27d\" data-element_type=\"widget\" data-e-type=\"widget\" data-settings=\"{&quot;motion_fx_motion_fx_scrolling&quot;:&quot;yes&quot;,&quot;motion_fx_translateY_effect&quot;:&quot;yes&quot;,&quot;motion_fx_translateY_direction&quot;:&quot;negative&quot;,&quot;motion_fx_translateY_speed&quot;:{&quot;unit&quot;:&quot;px&quot;,&quot;size&quot;:&quot;1&quot;,&quot;sizes&quot;:[]},&quot;motion_fx_devices&quot;:[&quot;desktop&quot;,&quot;tablet&quot;],&quot;motion_fx_translateY_affectedRange&quot;:{&quot;unit&quot;:&quot;%&quot;,&quot;size&quot;:&quot;&quot;,&quot;sizes&quot;:{&quot;start&quot;:&quot;0&quot;,&quot;end&quot;:&quot;50&quot;}}}\" data-widget_type=\"image.default\">\n\t\t\t\t<div class=\"elementor-widget-container\">\n\t\t\t\t\t\t\t\t\t\t\t\t\t\t\t<img decoding=\"async\" width=\"539\" height=\"539\" src=\"https:\/\/shoppers.helionresearch.com\/wp-content\/uploads\/2023\/07\/Helion-Mystery-Shopper-Jobs.webp\" class=\"attachment-full size-full wp-image-3517\" alt=\"\" srcset=\"https:\/\/shoppers.helionresearch.com\/wp-content\/uploads\/2023\/07\/Helion-Mystery-Shopper-Jobs.webp 539w, https:\/\/shoppers.helionresearch.com\/wp-content\/uploads\/2023\/07\/Helion-Mystery-Shopper-Jobs-300x300.webp 300w, https:\/\/shoppers.helionresearch.com\/wp-content\/uploads\/2023\/07\/Helion-Mystery-Shopper-Jobs-150x150.webp 150w\" sizes=\"(max-width: 539px) 100vw, 539px\" \/>\t\t\t\t\t\t\t\t\t\t\t\t\t\t\t<\/div>\n\t\t\t\t<\/div>\n\t\t\t\t\t<\/div>\n\t\t<\/div>\n\t\t\t\t\t<\/div>\n\t\t<\/section>\n\t\t\t\t<\/div>","protected":false},"excerpt":{"rendered":"<p>Chi siamo Siamo globali Helion Research \u00e8 una rinomata azienda di mystery shopping con una forte presenza globale. Con oltre 400.000 mystery shopper in pi\u00f9 di 100 paesi in tutto il mondo, Helion Research \u00e8 una delle pi\u00f9 grandi aziende di mystery shopping al mondo. La nostra forza sul campo \u00e8 composta da individui altamente [&hellip;]<\/p>","protected":false},"author":2375,"featured_media":0,"parent":0,"menu_order":0,"comment_status":"closed","ping_status":"closed","template":"elementor_header_footer","meta":{"footnotes":""},"class_list":["post-3366","page","type-page","status-publish","hentry"],"jetpack_sharing_enabled":true,"_links":{"self":[{"href":"https:\/\/shoppers.helionresearch.com\/sv\/wp-json\/wp\/v2\/pages\/3366","targetHints":{"allow":["GET"]}}],"collection":[{"href":"https:\/\/shoppers.helionresearch.com\/sv\/wp-json\/wp\/v2\/pages"}],"about":[{"href":"https:\/\/shoppers.helionresearch.com\/sv\/wp-json\/wp\/v2\/types\/page"}],"author":[{"embeddable":true,"href":"https:\/\/shoppers.helionresearch.com\/sv\/wp-json\/wp\/v2\/users\/2375"}],"replies":[{"embeddable":true,"href":"https:\/\/shoppers.helionresearch.com\/sv\/wp-json\/wp\/v2\/comments?post=3366"}],"version-history":[{"count":11,"href":"https:\/\/shoppers.helionresearch.com\/sv\/wp-json\/wp\/v2\/pages\/3366\/revisions"}],"predecessor-version":[{"id":4559,"href":"https:\/\/shoppers.helionresearch.com\/sv\/wp-json\/wp\/v2\/pages\/3366\/revisions\/4559"}],"wp:attachment":[{"href":"https:\/\/shoppers.helionresearch.com\/sv\/wp-json\/wp\/v2\/media?parent=3366"}],"curies":[{"name":"wp","href":"https:\/\/api.w.org\/{rel}","templated":true}]}}