{"id":3603,"date":"2023-07-15T15:59:02","date_gmt":"2023-07-15T15:59:02","guid":{"rendered":"https:\/\/shoppers.helionresearch.com\/?page_id=3603"},"modified":"2026-01-26T15:10:04","modified_gmt":"2026-01-26T15:10:04","slug":"helion-research-shoppers-about-spanish","status":"publish","type":"page","link":"https:\/\/shoppers.helionresearch.com\/sv\/helion-research-shoppers-about-spanish\/","title":{"rendered":"Helion Research Shoppers &#8211; About &#8211; Spanish"},"content":{"rendered":"<div data-elementor-type=\"wp-page\" data-elementor-id=\"3603\" class=\"elementor elementor-3603\" data-elementor-post-type=\"page\">\n\t\t\t\t\t\t<section class=\"elementor-section elementor-top-section elementor-element elementor-element-31050e63 elementor-section-height-min-height elementor-section-boxed elementor-section-height-default elementor-section-items-middle\" data-id=\"31050e63\" data-element_type=\"section\" data-e-type=\"section\" data-settings=\"{&quot;background_background&quot;:&quot;classic&quot;,&quot;shape_divider_bottom&quot;:&quot;waves&quot;}\">\n\t\t\t\t\t\t\t<div class=\"elementor-background-overlay\"><\/div>\n\t\t\t\t\t\t<div class=\"elementor-shape elementor-shape-bottom\" aria-hidden=\"true\" data-negative=\"false\">\n\t\t\t<svg xmlns=\"http:\/\/www.w3.org\/2000\/svg\" viewbox=\"0 0 1000 100\" preserveaspectratio=\"none\">\n\t<path class=\"elementor-shape-fill\" d=\"M421.9,6.5c22.6-2.5,51.5,0.4,75.5,5.3c23.6,4.9,70.9,23.5,100.5,35.7c75.8,32.2,133.7,44.5,192.6,49.7\tc23.6,2.1,48.7,3.5,103.4-2.5c54.7-6,106.2-25.6,106.2-25.6V0H0v30.3c0,0,72,32.6,158.4,30.5c39.2-0.7,92.8-6.7,134-22.4\tc21.2-8.1,52.2-18.2,79.7-24.2C399.3,7.9,411.6,7.5,421.9,6.5z\"\/>\n<\/svg>\t\t<\/div>\n\t\t\t\t\t<div class=\"elementor-container elementor-column-gap-default\">\n\t\t\t\t\t<div class=\"elementor-column elementor-col-100 elementor-top-column elementor-element elementor-element-2db25210\" data-id=\"2db25210\" data-element_type=\"column\" data-e-type=\"column\">\n\t\t\t<div class=\"elementor-widget-wrap elementor-element-populated\">\n\t\t\t\t\t\t<div class=\"elementor-element elementor-element-1bd8d753 elementor-widget elementor-widget-heading\" data-id=\"1bd8d753\" data-element_type=\"widget\" data-e-type=\"widget\" data-widget_type=\"heading.default\">\n\t\t\t\t<div class=\"elementor-widget-container\">\n\t\t\t\t\t<h1 class=\"elementor-heading-title elementor-size-default\">Sobre Nosotros<\/h1>\t\t\t\t<\/div>\n\t\t\t\t<\/div>\n\t\t\t\t\t<\/div>\n\t\t<\/div>\n\t\t\t\t\t<\/div>\n\t\t<\/section>\n\t\t\t\t<section class=\"elementor-section elementor-top-section elementor-element elementor-element-7cb3ff54 elementor-section-boxed elementor-section-height-default elementor-section-height-default\" data-id=\"7cb3ff54\" data-element_type=\"section\" data-e-type=\"section\" data-settings=\"{&quot;background_background&quot;:&quot;classic&quot;}\">\n\t\t\t\t\t\t\t<div class=\"elementor-background-overlay\"><\/div>\n\t\t\t\t\t\t\t<div class=\"elementor-container elementor-column-gap-custom\">\n\t\t\t\t\t<div class=\"elementor-column elementor-col-50 elementor-top-column elementor-element elementor-element-36c02c01\" data-id=\"36c02c01\" data-element_type=\"column\" data-e-type=\"column\">\n\t\t\t<div class=\"elementor-widget-wrap elementor-element-populated\">\n\t\t\t\t\t\t<div class=\"elementor-element elementor-element-63a22a62 elementor-widget elementor-widget-heading\" data-id=\"63a22a62\" data-element_type=\"widget\" data-e-type=\"widget\" data-widget_type=\"heading.default\">\n\t\t\t\t<div class=\"elementor-widget-container\">\n\t\t\t\t\t<h2 class=\"elementor-heading-title elementor-size-default\">Somos Globales<\/h2>\t\t\t\t<\/div>\n\t\t\t\t<\/div>\n\t\t\t\t<div class=\"elementor-element elementor-element-99841a4 elementor-widget elementor-widget-text-editor\" data-id=\"99841a4\" data-element_type=\"widget\" data-e-type=\"widget\" data-widget_type=\"text-editor.default\">\n\t\t\t\t<div class=\"elementor-widget-container\">\n\t\t\t\t\t\t\t\t\t<p>Helion Research es una destacada empresa de mystery shopping con una s\u00f3lida presencia global. Con m\u00e1s de <strong>400,000 compradores misteriosos<\/strong> en m\u00e1s de <strong>100 pa\u00edses<\/strong> en todo el mundo, Helion Research es una de las firmas de mystery shopping m\u00e1s grandes del mundo. Nuestro equipo de campo est\u00e1 compuesto por individuos altamente capacitados que son expertos en sus respectivas regiones y mercados.<\/p><p>Adem\u00e1s de nuestro equipo de campo global, tenemos oficinas en <strong>B\u00e9lgica<\/strong>, <strong>Sud\u00e1frica<\/strong> y <strong>Bulgaria<\/strong>. Trabajamos con una amplia gama de marcas reconocidas en m\u00faltiples industrias, ayud\u00e1ndolas a mejorar la experiencia del cliente y obtener una ventaja competitiva en el mercado.<\/p><p>En Helion Research, entendemos que contar con una amplia diversidad de participantes puede brindar informaci\u00f3n valiosa sobre las experiencias de los clientes. Damos la bienvenida a cualquier persona para unirse a nuestro panel y ofrecemos capacitaci\u00f3n para ayudarlos a convertirse en excelentes compradores misteriosos.<\/p><p>Nuestro programa de capacitaci\u00f3n est\u00e1 dise\u00f1ado para dotar a los participantes de las habilidades y conocimientos necesarios para llevar a cabo de manera efectiva las asignaciones de mystery shopping. Proporcionamos materiales de capacitaci\u00f3n completos y soporte para asegurarnos de que nuestros participantes est\u00e9n preparados para completar sus asignaciones con precisi\u00f3n y consistencia.<\/p><p>Creemos que nuestro enfoque de construir un panel amplio y diverso de compradores misteriosos nos permite recopilar datos valiosos desde una variedad de perspectivas, ayudando a nuestros clientes a obtener una comprensi\u00f3n m\u00e1s profunda de las experiencias de sus clientes.<\/p>\t\t\t\t\t\t\t\t<\/div>\n\t\t\t\t<\/div>\n\t\t\t\t<div class=\"elementor-element elementor-element-463bfaa4 elementor-align-left elementor-mobile-align-center elementor-widget elementor-widget-button\" data-id=\"463bfaa4\" data-element_type=\"widget\" data-e-type=\"widget\" data-widget_type=\"button.default\">\n\t\t\t\t<div class=\"elementor-widget-container\">\n\t\t\t\t\t\t\t\t\t<div class=\"elementor-button-wrapper\">\n\t\t\t\t\t<a class=\"elementor-button elementor-button-link elementor-size-md\" href=\"https:\/\/www.helionresearch.com\/nl\/home\" target=\"_blank\">\n\t\t\t\t\t\t<span class=\"elementor-button-content-wrapper\">\n\t\t\t\t\t\t\t\t\t<span class=\"elementor-button-text\">Sitio Corporativo<\/span>\n\t\t\t\t\t<\/span>\n\t\t\t\t\t<\/a>\n\t\t\t\t<\/div>\n\t\t\t\t\t\t\t\t<\/div>\n\t\t\t\t<\/div>\n\t\t\t\t\t<\/div>\n\t\t<\/div>\n\t\t\t\t<div class=\"elementor-column elementor-col-50 elementor-top-column elementor-element elementor-element-76fb3157\" data-id=\"76fb3157\" data-element_type=\"column\" data-e-type=\"column\">\n\t\t\t<div class=\"elementor-widget-wrap elementor-element-populated\">\n\t\t\t\t\t\t<div class=\"elementor-element elementor-element-32f5617d elementor-absolute elementor-widget elementor-widget-image\" data-id=\"32f5617d\" data-element_type=\"widget\" data-e-type=\"widget\" data-settings=\"{&quot;motion_fx_motion_fx_scrolling&quot;:&quot;yes&quot;,&quot;motion_fx_translateY_effect&quot;:&quot;yes&quot;,&quot;motion_fx_translateY_speed&quot;:{&quot;unit&quot;:&quot;px&quot;,&quot;size&quot;:&quot;1&quot;,&quot;sizes&quot;:[]},&quot;_position&quot;:&quot;absolute&quot;,&quot;motion_fx_translateY_affectedRange&quot;:{&quot;unit&quot;:&quot;%&quot;,&quot;size&quot;:&quot;&quot;,&quot;sizes&quot;:{&quot;start&quot;:0,&quot;end&quot;:100}},&quot;motion_fx_devices&quot;:[&quot;desktop&quot;,&quot;tablet&quot;,&quot;mobile&quot;]}\" data-widget_type=\"image.default\">\n\t\t\t\t<div class=\"elementor-widget-container\">\n\t\t\t\t\t\t\t\t\t\t\t\t\t\t\t<img fetchpriority=\"high\" decoding=\"async\" width=\"992\" height=\"1403\" src=\"https:\/\/shoppers.helionresearch.com\/wp-content\/uploads\/2023\/03\/international-mystery-shopper-jobs.png\" class=\"attachment-full size-full wp-image-1627\" alt=\"\" srcset=\"https:\/\/shoppers.helionresearch.com\/wp-content\/uploads\/2023\/03\/international-mystery-shopper-jobs.png 992w, https:\/\/shoppers.helionresearch.com\/wp-content\/uploads\/2023\/03\/international-mystery-shopper-jobs-212x300.png 212w, https:\/\/shoppers.helionresearch.com\/wp-content\/uploads\/2023\/03\/international-mystery-shopper-jobs-724x1024.png 724w, https:\/\/shoppers.helionresearch.com\/wp-content\/uploads\/2023\/03\/international-mystery-shopper-jobs-768x1086.png 768w\" sizes=\"(max-width: 992px) 100vw, 992px\" \/>\t\t\t\t\t\t\t\t\t\t\t\t\t\t\t<\/div>\n\t\t\t\t<\/div>\n\t\t\t\t\t<\/div>\n\t\t<\/div>\n\t\t\t\t\t<\/div>\n\t\t<\/section>\n\t\t\t\t<section class=\"elementor-section elementor-top-section elementor-element elementor-element-1182077a elementor-section-boxed elementor-section-height-default elementor-section-height-default\" data-id=\"1182077a\" data-element_type=\"section\" data-e-type=\"section\" data-settings=\"{&quot;background_background&quot;:&quot;classic&quot;,&quot;shape_divider_top&quot;:&quot;waves&quot;}\">\n\t\t\t\t\t\t\t<div class=\"elementor-background-overlay\"><\/div>\n\t\t\t\t\t\t<div class=\"elementor-shape elementor-shape-top\" aria-hidden=\"true\" data-negative=\"false\">\n\t\t\t<svg xmlns=\"http:\/\/www.w3.org\/2000\/svg\" viewbox=\"0 0 1000 100\" preserveaspectratio=\"none\">\n\t<path class=\"elementor-shape-fill\" d=\"M421.9,6.5c22.6-2.5,51.5,0.4,75.5,5.3c23.6,4.9,70.9,23.5,100.5,35.7c75.8,32.2,133.7,44.5,192.6,49.7\tc23.6,2.1,48.7,3.5,103.4-2.5c54.7-6,106.2-25.6,106.2-25.6V0H0v30.3c0,0,72,32.6,158.4,30.5c39.2-0.7,92.8-6.7,134-22.4\tc21.2-8.1,52.2-18.2,79.7-24.2C399.3,7.9,411.6,7.5,421.9,6.5z\"\/>\n<\/svg>\t\t<\/div>\n\t\t\t\t\t<div class=\"elementor-container elementor-column-gap-default\">\n\t\t\t\t\t<div class=\"elementor-column elementor-col-50 elementor-top-column elementor-element elementor-element-4bd96626\" data-id=\"4bd96626\" data-element_type=\"column\" data-e-type=\"column\">\n\t\t\t<div class=\"elementor-widget-wrap elementor-element-populated\">\n\t\t\t\t\t\t<div class=\"elementor-element elementor-element-6bca969e elementor-widget elementor-widget-heading\" data-id=\"6bca969e\" data-element_type=\"widget\" data-e-type=\"widget\" data-widget_type=\"heading.default\">\n\t\t\t\t<div class=\"elementor-widget-container\">\n\t\t\t\t\t<h4 class=\"elementor-heading-title elementor-size-default\">Convi\u00e9rtete en Mystery Shopper<\/h4>\t\t\t\t<\/div>\n\t\t\t\t<\/div>\n\t\t\t\t<div class=\"elementor-element elementor-element-7ecf0fef elementor-widget elementor-widget-heading\" data-id=\"7ecf0fef\" data-element_type=\"widget\" data-e-type=\"widget\" data-widget_type=\"heading.default\">\n\t\t\t\t<div class=\"elementor-widget-container\">\n\t\t\t\t\t<h2 class=\"elementor-heading-title elementor-size-default\">Para uno de los paneles de Mystery Shopper m\u00e1s grandes y s\u00f3lidos de la industria.<\/h2>\t\t\t\t<\/div>\n\t\t\t\t<\/div>\n\t\t\t\t<div class=\"elementor-element elementor-element-7dd2d83d elementor-mobile-align-center elementor-widget elementor-widget-button\" data-id=\"7dd2d83d\" data-element_type=\"widget\" data-e-type=\"widget\" data-widget_type=\"button.default\">\n\t\t\t\t<div class=\"elementor-widget-container\">\n\t\t\t\t\t\t\t\t\t<div class=\"elementor-button-wrapper\">\n\t\t\t\t\t<a class=\"elementor-button elementor-button-link elementor-size-md\" href=\"https:\/\/system.helionresearch.com\/auth\/index.asp#signup\" target=\"_blank\">\n\t\t\t\t\t\t<span class=\"elementor-button-content-wrapper\">\n\t\t\t\t\t\t\t\t\t<span class=\"elementor-button-text\">Reg\u00edstrate<\/span>\n\t\t\t\t\t<\/span>\n\t\t\t\t\t<\/a>\n\t\t\t\t<\/div>\n\t\t\t\t\t\t\t\t<\/div>\n\t\t\t\t<\/div>\n\t\t\t\t\t<\/div>\n\t\t<\/div>\n\t\t\t\t<div class=\"elementor-column elementor-col-50 elementor-top-column elementor-element elementor-element-3acf3205\" data-id=\"3acf3205\" data-element_type=\"column\" data-e-type=\"column\">\n\t\t\t<div class=\"elementor-widget-wrap elementor-element-populated\">\n\t\t\t\t\t\t<div class=\"elementor-element elementor-element-4e87d27d elementor-widget elementor-widget-image\" data-id=\"4e87d27d\" data-element_type=\"widget\" data-e-type=\"widget\" data-settings=\"{&quot;motion_fx_motion_fx_scrolling&quot;:&quot;yes&quot;,&quot;motion_fx_translateY_effect&quot;:&quot;yes&quot;,&quot;motion_fx_translateY_direction&quot;:&quot;negative&quot;,&quot;motion_fx_translateY_speed&quot;:{&quot;unit&quot;:&quot;px&quot;,&quot;size&quot;:&quot;1&quot;,&quot;sizes&quot;:[]},&quot;motion_fx_devices&quot;:[&quot;desktop&quot;,&quot;tablet&quot;],&quot;motion_fx_translateY_affectedRange&quot;:{&quot;unit&quot;:&quot;%&quot;,&quot;size&quot;:&quot;&quot;,&quot;sizes&quot;:{&quot;start&quot;:&quot;0&quot;,&quot;end&quot;:&quot;50&quot;}}}\" data-widget_type=\"image.default\">\n\t\t\t\t<div class=\"elementor-widget-container\">\n\t\t\t\t\t\t\t\t\t\t\t\t\t\t\t<img decoding=\"async\" width=\"539\" height=\"539\" src=\"https:\/\/shoppers.helionresearch.com\/wp-content\/uploads\/2023\/07\/Helion-Mystery-Shopper-Jobs.webp\" class=\"attachment-full size-full wp-image-3517\" alt=\"\" srcset=\"https:\/\/shoppers.helionresearch.com\/wp-content\/uploads\/2023\/07\/Helion-Mystery-Shopper-Jobs.webp 539w, https:\/\/shoppers.helionresearch.com\/wp-content\/uploads\/2023\/07\/Helion-Mystery-Shopper-Jobs-300x300.webp 300w, https:\/\/shoppers.helionresearch.com\/wp-content\/uploads\/2023\/07\/Helion-Mystery-Shopper-Jobs-150x150.webp 150w\" sizes=\"(max-width: 539px) 100vw, 539px\" \/>\t\t\t\t\t\t\t\t\t\t\t\t\t\t\t<\/div>\n\t\t\t\t<\/div>\n\t\t\t\t\t<\/div>\n\t\t<\/div>\n\t\t\t\t\t<\/div>\n\t\t<\/section>\n\t\t\t\t<\/div>","protected":false},"excerpt":{"rendered":"<p>Sobre Nosotros Somos Globales Helion Research es una destacada empresa de mystery shopping con una s\u00f3lida presencia global. Con m\u00e1s de 400,000 compradores misteriosos en m\u00e1s de 100 pa\u00edses en todo el mundo, Helion Research es una de las firmas de mystery shopping m\u00e1s grandes del mundo. Nuestro equipo de campo est\u00e1 compuesto por individuos [&hellip;]<\/p>","protected":false},"author":2375,"featured_media":0,"parent":0,"menu_order":0,"comment_status":"closed","ping_status":"closed","template":"elementor_header_footer","meta":{"footnotes":""},"class_list":["post-3603","page","type-page","status-publish","hentry"],"jetpack_sharing_enabled":true,"_links":{"self":[{"href":"https:\/\/shoppers.helionresearch.com\/sv\/wp-json\/wp\/v2\/pages\/3603","targetHints":{"allow":["GET"]}}],"collection":[{"href":"https:\/\/shoppers.helionresearch.com\/sv\/wp-json\/wp\/v2\/pages"}],"about":[{"href":"https:\/\/shoppers.helionresearch.com\/sv\/wp-json\/wp\/v2\/types\/page"}],"author":[{"embeddable":true,"href":"https:\/\/shoppers.helionresearch.com\/sv\/wp-json\/wp\/v2\/users\/2375"}],"replies":[{"embeddable":true,"href":"https:\/\/shoppers.helionresearch.com\/sv\/wp-json\/wp\/v2\/comments?post=3603"}],"version-history":[{"count":19,"href":"https:\/\/shoppers.helionresearch.com\/sv\/wp-json\/wp\/v2\/pages\/3603\/revisions"}],"predecessor-version":[{"id":5761,"href":"https:\/\/shoppers.helionresearch.com\/sv\/wp-json\/wp\/v2\/pages\/3603\/revisions\/5761"}],"wp:attachment":[{"href":"https:\/\/shoppers.helionresearch.com\/sv\/wp-json\/wp\/v2\/media?parent=3603"}],"curies":[{"name":"wp","href":"https:\/\/api.w.org\/{rel}","templated":true}]}}