{"id":3659,"date":"2023-07-15T16:49:16","date_gmt":"2023-07-15T16:49:16","guid":{"rendered":"https:\/\/shoppers.helionresearch.com\/?page_id=3659"},"modified":"2026-01-26T14:14:22","modified_gmt":"2026-01-26T14:14:22","slug":"helion-research-shoppers-mobile-app-spanish","status":"publish","type":"page","link":"https:\/\/shoppers.helionresearch.com\/sv\/helion-research-shoppers-mobile-app-spanish\/","title":{"rendered":"Helion Research Shoppers &#8211; Mobile App &#8211; Spanish"},"content":{"rendered":"<div data-elementor-type=\"wp-page\" data-elementor-id=\"3659\" class=\"elementor elementor-3659\" data-elementor-post-type=\"page\">\n\t\t\t\t\t\t<section class=\"elementor-section elementor-top-section elementor-element elementor-element-4f064fa0 elementor-section-height-min-height elementor-section-boxed elementor-section-height-default elementor-section-items-middle\" data-id=\"4f064fa0\" data-element_type=\"section\" data-e-type=\"section\" data-settings=\"{&quot;background_background&quot;:&quot;video&quot;}\">\n\t\t\t\t\t\t\t<div class=\"elementor-background-overlay\"><\/div>\n\t\t\t\t\t\t\t<div class=\"elementor-container elementor-column-gap-default\">\n\t\t\t\t\t<div class=\"elementor-column elementor-col-100 elementor-top-column elementor-element elementor-element-6739d565\" data-id=\"6739d565\" data-element_type=\"column\" data-e-type=\"column\">\n\t\t\t<div class=\"elementor-widget-wrap elementor-element-populated\">\n\t\t\t\t\t\t<div class=\"elementor-element elementor-element-52fa264e elementor-widget elementor-widget-heading\" data-id=\"52fa264e\" data-element_type=\"widget\" data-e-type=\"widget\" data-widget_type=\"heading.default\">\n\t\t\t\t<div class=\"elementor-widget-container\">\n\t\t\t\t\t<h1 class=\"elementor-heading-title elementor-size-default\">Helion Mobile<\/h1>\t\t\t\t<\/div>\n\t\t\t\t<\/div>\n\t\t\t\t<div class=\"elementor-element elementor-element-bab79a0 elementor-widget elementor-widget-heading\" data-id=\"bab79a0\" data-element_type=\"widget\" data-e-type=\"widget\" data-widget_type=\"heading.default\">\n\t\t\t\t<div class=\"elementor-widget-container\">\n\t\t\t\t\t<h3 class=\"elementor-heading-title elementor-size-default\">Lleva contigo la experiencia de Mystery Shopping en tu bolsillo.<\/h3>\t\t\t\t<\/div>\n\t\t\t\t<\/div>\n\t\t\t\t\t<\/div>\n\t\t<\/div>\n\t\t\t\t\t<\/div>\n\t\t<\/section>\n\t\t\t\t<section class=\"elementor-section elementor-top-section elementor-element elementor-element-087325a elementor-section-height-min-height elementor-section-boxed elementor-section-height-default elementor-section-items-middle\" data-id=\"087325a\" data-element_type=\"section\" data-e-type=\"section\" data-settings=\"{&quot;background_background&quot;:&quot;classic&quot;,&quot;shape_divider_bottom&quot;:&quot;waves&quot;}\">\n\t\t\t\t\t\t\t<div class=\"elementor-background-overlay\"><\/div>\n\t\t\t\t\t\t<div class=\"elementor-shape elementor-shape-bottom\" aria-hidden=\"true\" data-negative=\"false\">\n\t\t\t<svg xmlns=\"http:\/\/www.w3.org\/2000\/svg\" viewbox=\"0 0 1000 100\" preserveaspectratio=\"none\">\n\t<path class=\"elementor-shape-fill\" d=\"M421.9,6.5c22.6-2.5,51.5,0.4,75.5,5.3c23.6,4.9,70.9,23.5,100.5,35.7c75.8,32.2,133.7,44.5,192.6,49.7\tc23.6,2.1,48.7,3.5,103.4-2.5c54.7-6,106.2-25.6,106.2-25.6V0H0v30.3c0,0,72,32.6,158.4,30.5c39.2-0.7,92.8-6.7,134-22.4\tc21.2-8.1,52.2-18.2,79.7-24.2C399.3,7.9,411.6,7.5,421.9,6.5z\"\/>\n<\/svg>\t\t<\/div>\n\t\t\t\t\t<div class=\"elementor-container elementor-column-gap-default\">\n\t\t\t\t\t<div class=\"elementor-column elementor-col-100 elementor-top-column elementor-element elementor-element-71bf12d\" data-id=\"71bf12d\" data-element_type=\"column\" data-e-type=\"column\">\n\t\t\t<div class=\"elementor-widget-wrap elementor-element-populated\">\n\t\t\t\t\t\t<section class=\"elementor-section elementor-inner-section elementor-element elementor-element-5e72913 elementor-section-boxed elementor-section-height-default elementor-section-height-default\" data-id=\"5e72913\" data-element_type=\"section\" data-e-type=\"section\">\n\t\t\t\t\t\t<div class=\"elementor-container elementor-column-gap-default\">\n\t\t\t\t\t<div class=\"elementor-column elementor-col-50 elementor-inner-column elementor-element elementor-element-36fdce8\" data-id=\"36fdce8\" data-element_type=\"column\" data-e-type=\"column\">\n\t\t\t<div class=\"elementor-widget-wrap elementor-element-populated\">\n\t\t\t\t\t\t<div class=\"elementor-element elementor-element-77b6379 elementor-widget elementor-widget-spacer\" data-id=\"77b6379\" data-element_type=\"widget\" data-e-type=\"widget\" data-widget_type=\"spacer.default\">\n\t\t\t\t<div class=\"elementor-widget-container\">\n\t\t\t\t\t\t\t<div class=\"elementor-spacer\">\n\t\t\t<div class=\"elementor-spacer-inner\"><\/div>\n\t\t<\/div>\n\t\t\t\t\t\t<\/div>\n\t\t\t\t<\/div>\n\t\t\t\t<div class=\"elementor-element elementor-element-763c748 elementor-widget elementor-widget-image\" data-id=\"763c748\" data-element_type=\"widget\" data-e-type=\"widget\" data-widget_type=\"image.default\">\n\t\t\t\t<div class=\"elementor-widget-container\">\n\t\t\t\t\t\t\t\t\t\t\t\t\t\t\t\t<a href=\"https:\/\/play.google.com\/store\/apps\/details?id=com.helionresearch.hrm.next&#038;pli=1\" target=\"_blank\" rel=\"noopener\">\n\t\t\t\t\t\t\t<img decoding=\"async\" width=\"300\" height=\"89\" src=\"https:\/\/shoppers.helionresearch.com\/wp-content\/uploads\/2023\/03\/get-it-on-google-play-badge-300x89.png\" class=\"attachment-medium size-medium wp-image-1924\" alt=\"\" srcset=\"https:\/\/shoppers.helionresearch.com\/wp-content\/uploads\/2023\/03\/get-it-on-google-play-badge-300x89.png 300w, https:\/\/shoppers.helionresearch.com\/wp-content\/uploads\/2023\/03\/get-it-on-google-play-badge-1024x304.png 1024w, https:\/\/shoppers.helionresearch.com\/wp-content\/uploads\/2023\/03\/get-it-on-google-play-badge-768x228.png 768w, https:\/\/shoppers.helionresearch.com\/wp-content\/uploads\/2023\/03\/get-it-on-google-play-badge-1536x455.png 1536w, https:\/\/shoppers.helionresearch.com\/wp-content\/uploads\/2023\/03\/get-it-on-google-play-badge-2048x607.png 2048w\" sizes=\"(max-width: 300px) 100vw, 300px\" \/>\t\t\t\t\t\t\t\t<\/a>\n\t\t\t\t\t\t\t\t\t\t\t\t\t\t\t<\/div>\n\t\t\t\t<\/div>\n\t\t\t\t<div class=\"elementor-element elementor-element-ede1be7 elementor-widget elementor-widget-image\" data-id=\"ede1be7\" data-element_type=\"widget\" data-e-type=\"widget\" data-widget_type=\"image.default\">\n\t\t\t\t<div class=\"elementor-widget-container\">\n\t\t\t\t\t\t\t\t\t\t\t\t\t\t\t\t<a href=\"https:\/\/apps.apple.com\/us\/app\/helion-mobile\/id1671503175\" target=\"_blank\" rel=\"noopener\">\n\t\t\t\t\t\t\t<img decoding=\"async\" width=\"300\" height=\"109\" src=\"https:\/\/shoppers.helionresearch.com\/wp-content\/uploads\/2023\/03\/download-on-apple-store-1-300x109.png\" class=\"attachment-medium size-medium wp-image-1926\" alt=\"\" srcset=\"https:\/\/shoppers.helionresearch.com\/wp-content\/uploads\/2023\/03\/download-on-apple-store-1-300x109.png 300w, https:\/\/shoppers.helionresearch.com\/wp-content\/uploads\/2023\/03\/download-on-apple-store-1-1024x370.png 1024w, https:\/\/shoppers.helionresearch.com\/wp-content\/uploads\/2023\/03\/download-on-apple-store-1-768x278.png 768w, https:\/\/shoppers.helionresearch.com\/wp-content\/uploads\/2023\/03\/download-on-apple-store-1-1536x556.png 1536w, https:\/\/shoppers.helionresearch.com\/wp-content\/uploads\/2023\/03\/download-on-apple-store-1-2048x741.png 2048w\" sizes=\"(max-width: 300px) 100vw, 300px\" \/>\t\t\t\t\t\t\t\t<\/a>\n\t\t\t\t\t\t\t\t\t\t\t\t\t\t\t<\/div>\n\t\t\t\t<\/div>\n\t\t\t\t<div class=\"elementor-element elementor-element-10cdf93 elementor-widget elementor-widget-text-editor\" data-id=\"10cdf93\" data-element_type=\"widget\" data-e-type=\"widget\" data-widget_type=\"text-editor.default\">\n\t\t\t\t<div class=\"elementor-widget-container\">\n\t\t\t\t\t\t\t\t\t<p>Helion Mobile est\u00e1 disponible para descargar en Google Play y en la App Store.<\/p><p>Aqu\u00ed hay solo algunas ventajas de usar nuestra aplicaci\u00f3n:<\/p><ol><li><strong>Encuestas sin conexi\u00f3n:<\/strong> \u00bfNo tienes conexi\u00f3n a internet? \u00a1No hay problema! Nuestra aplicaci\u00f3n de Mystery Shopping te permite completar encuestas y guardar tus respuestas y fotos directamente en la aplicaci\u00f3n, para que las puedas completar sin internet y enviarlas m\u00e1s tarde cuando tengas conexi\u00f3n.<\/li><li><strong>Subida directa de fotos:<\/strong> Nuestra aplicaci\u00f3n facilita tomar fotos y cargarlas directamente en tu encuesta, ahorr\u00e1ndote tiempo y problemas.<\/li><li><strong>Solicitudes de empleo convenientes:<\/strong> Solicita trabajos de mystery shopping sobre la marcha y cerca de tu ubicaci\u00f3n, lo que facilita m\u00e1s que nunca encontrar y asegurar nuevas misiones.<\/li><\/ol>\t\t\t\t\t\t\t\t<\/div>\n\t\t\t\t<\/div>\n\t\t\t\t<div class=\"elementor-element elementor-element-afecd80 elementor-widget elementor-widget-video\" data-id=\"afecd80\" data-element_type=\"widget\" data-e-type=\"widget\" data-settings=\"{&quot;video_type&quot;:&quot;hosted&quot;,&quot;autoplay&quot;:&quot;yes&quot;,&quot;mute&quot;:&quot;yes&quot;,&quot;controls&quot;:&quot;yes&quot;}\" data-widget_type=\"video.default\">\n\t\t\t\t<div class=\"elementor-widget-container\">\n\t\t\t\t\t\t\t<div class=\"e-hosted-video elementor-wrapper elementor-open-inline\">\n\t\t\t\t\t<video class=\"elementor-video\" src=\"https:\/\/shoppers.helionresearch.com\/wp-content\/uploads\/2023\/04\/helion-research-mobile-app.mov\" autoplay=\"\" controls=\"\" muted=\"muted\" controlslist=\"nodownload\"><\/video>\n\t\t\t\t<\/div>\n\t\t\t\t\t\t<\/div>\n\t\t\t\t<\/div>\n\t\t\t\t\t<\/div>\n\t\t<\/div>\n\t\t\t\t<div class=\"elementor-column elementor-col-50 elementor-inner-column elementor-element elementor-element-5029883\" data-id=\"5029883\" data-element_type=\"column\" data-e-type=\"column\">\n\t\t\t<div class=\"elementor-widget-wrap elementor-element-populated\">\n\t\t\t\t\t\t<div class=\"elementor-element elementor-element-a13b317 elementor-widget elementor-widget-image\" data-id=\"a13b317\" data-element_type=\"widget\" data-e-type=\"widget\" data-settings=\"{&quot;motion_fx_motion_fx_scrolling&quot;:&quot;yes&quot;,&quot;motion_fx_translateY_effect&quot;:&quot;yes&quot;,&quot;motion_fx_translateY_speed&quot;:{&quot;unit&quot;:&quot;px&quot;,&quot;size&quot;:1.2,&quot;sizes&quot;:[]},&quot;motion_fx_translateY_affectedRange&quot;:{&quot;unit&quot;:&quot;%&quot;,&quot;size&quot;:&quot;&quot;,&quot;sizes&quot;:{&quot;start&quot;:0,&quot;end&quot;:100}},&quot;motion_fx_devices&quot;:[&quot;desktop&quot;,&quot;tablet&quot;,&quot;mobile&quot;]}\" data-widget_type=\"image.default\">\n\t\t\t\t<div class=\"elementor-widget-container\">\n\t\t\t\t\t\t\t\t\t\t\t\t\t\t\t<img fetchpriority=\"high\" decoding=\"async\" width=\"768\" height=\"1086\" src=\"https:\/\/shoppers.helionresearch.com\/wp-content\/uploads\/2023\/03\/hiring-mystery-shoppers-768x1086.png\" class=\"attachment-medium_large size-medium_large wp-image-1723\" alt=\"\" srcset=\"https:\/\/shoppers.helionresearch.com\/wp-content\/uploads\/2023\/03\/hiring-mystery-shoppers-768x1086.png 768w, https:\/\/shoppers.helionresearch.com\/wp-content\/uploads\/2023\/03\/hiring-mystery-shoppers-212x300.png 212w, https:\/\/shoppers.helionresearch.com\/wp-content\/uploads\/2023\/03\/hiring-mystery-shoppers-724x1024.png 724w, https:\/\/shoppers.helionresearch.com\/wp-content\/uploads\/2023\/03\/hiring-mystery-shoppers.png 794w\" sizes=\"(max-width: 768px) 100vw, 768px\" \/>\t\t\t\t\t\t\t\t\t\t\t\t\t\t\t<\/div>\n\t\t\t\t<\/div>\n\t\t\t\t\t<\/div>\n\t\t<\/div>\n\t\t\t\t\t<\/div>\n\t\t<\/section>\n\t\t\t\t<div class=\"elementor-element elementor-element-96cdb22 elementor-widget elementor-widget-spacer\" data-id=\"96cdb22\" data-element_type=\"widget\" data-e-type=\"widget\" data-widget_type=\"spacer.default\">\n\t\t\t\t<div class=\"elementor-widget-container\">\n\t\t\t\t\t\t\t<div class=\"elementor-spacer\">\n\t\t\t<div class=\"elementor-spacer-inner\"><\/div>\n\t\t<\/div>\n\t\t\t\t\t\t<\/div>\n\t\t\t\t<\/div>\n\t\t\t\t\t<\/div>\n\t\t<\/div>\n\t\t\t\t\t<\/div>\n\t\t<\/section>\n\t\t\t\t<section class=\"elementor-section elementor-top-section elementor-element elementor-element-274a757e elementor-section-boxed elementor-section-height-default elementor-section-height-default\" data-id=\"274a757e\" data-element_type=\"section\" data-e-type=\"section\" data-settings=\"{&quot;background_background&quot;:&quot;classic&quot;,&quot;shape_divider_top&quot;:&quot;waves&quot;}\">\n\t\t\t\t\t\t\t<div class=\"elementor-background-overlay\"><\/div>\n\t\t\t\t\t\t<div class=\"elementor-shape elementor-shape-top\" aria-hidden=\"true\" data-negative=\"false\">\n\t\t\t<svg xmlns=\"http:\/\/www.w3.org\/2000\/svg\" viewbox=\"0 0 1000 100\" preserveaspectratio=\"none\">\n\t<path class=\"elementor-shape-fill\" d=\"M421.9,6.5c22.6-2.5,51.5,0.4,75.5,5.3c23.6,4.9,70.9,23.5,100.5,35.7c75.8,32.2,133.7,44.5,192.6,49.7\tc23.6,2.1,48.7,3.5,103.4-2.5c54.7-6,106.2-25.6,106.2-25.6V0H0v30.3c0,0,72,32.6,158.4,30.5c39.2-0.7,92.8-6.7,134-22.4\tc21.2-8.1,52.2-18.2,79.7-24.2C399.3,7.9,411.6,7.5,421.9,6.5z\"\/>\n<\/svg>\t\t<\/div>\n\t\t\t\t\t<div class=\"elementor-container elementor-column-gap-default\">\n\t\t\t\t\t<div class=\"elementor-column elementor-col-100 elementor-top-column elementor-element elementor-element-58cf1398\" data-id=\"58cf1398\" data-element_type=\"column\" data-e-type=\"column\">\n\t\t\t<div class=\"elementor-widget-wrap elementor-element-populated\">\n\t\t\t\t\t\t<div class=\"elementor-element elementor-element-f3b52b1 elementor-widget elementor-widget-spacer\" data-id=\"f3b52b1\" data-element_type=\"widget\" data-e-type=\"widget\" data-widget_type=\"spacer.default\">\n\t\t\t\t<div class=\"elementor-widget-container\">\n\t\t\t\t\t\t\t<div class=\"elementor-spacer\">\n\t\t\t<div class=\"elementor-spacer-inner\"><\/div>\n\t\t<\/div>\n\t\t\t\t\t\t<\/div>\n\t\t\t\t<\/div>\n\t\t\t\t<div class=\"elementor-element elementor-element-59105378 elementor-widget elementor-widget-heading\" data-id=\"59105378\" data-element_type=\"widget\" data-e-type=\"widget\" data-widget_type=\"heading.default\">\n\t\t\t\t<div class=\"elementor-widget-container\">\n\t\t\t\t\t<h4 class=\"elementor-heading-title elementor-size-default\">T\u00f3mate un minuto para registrate<\/h4>\t\t\t\t<\/div>\n\t\t\t\t<\/div>\n\t\t\t\t<div class=\"elementor-element elementor-element-7529da31 elementor-widget elementor-widget-heading\" data-id=\"7529da31\" data-element_type=\"widget\" data-e-type=\"widget\" data-widget_type=\"heading.default\">\n\t\t\t\t<div class=\"elementor-widget-container\">\n\t\t\t\t\t<h2 class=\"elementor-heading-title elementor-size-default\">y convierte tus comentarios de cliente en informaci\u00f3n valiosa.<\/h2>\t\t\t\t<\/div>\n\t\t\t\t<\/div>\n\t\t\t\t<div class=\"elementor-element elementor-element-594d6118 elementor-mobile-align-center elementor-widget elementor-widget-button\" data-id=\"594d6118\" data-element_type=\"widget\" data-e-type=\"widget\" data-widget_type=\"button.default\">\n\t\t\t\t<div class=\"elementor-widget-container\">\n\t\t\t\t\t\t\t\t\t<div class=\"elementor-button-wrapper\">\n\t\t\t\t\t<a class=\"elementor-button elementor-button-link elementor-size-md\" href=\"https:\/\/system.helionresearch.com\/auth\/index.asp#signup\" target=\"_blank\">\n\t\t\t\t\t\t<span class=\"elementor-button-content-wrapper\">\n\t\t\t\t\t\t\t\t\t<span class=\"elementor-button-text\">Reg\u00edstrate<\/span>\n\t\t\t\t\t<\/span>\n\t\t\t\t\t<\/a>\n\t\t\t\t<\/div>\n\t\t\t\t\t\t\t\t<\/div>\n\t\t\t\t<\/div>\n\t\t\t\t\t<\/div>\n\t\t<\/div>\n\t\t\t\t\t<\/div>\n\t\t<\/section>\n\t\t\t\t<\/div>","protected":false},"excerpt":{"rendered":"<p>Helion Mobile Lleva contigo la experiencia de Mystery Shopping en tu bolsillo. Helion Mobile est\u00e1 disponible para descargar en Google Play y en la App Store. Aqu\u00ed hay solo algunas ventajas de usar nuestra aplicaci\u00f3n: Encuestas sin conexi\u00f3n: \u00bfNo tienes conexi\u00f3n a internet? \u00a1No hay problema! Nuestra aplicaci\u00f3n de Mystery Shopping te permite completar encuestas [&hellip;]<\/p>","protected":false},"author":2375,"featured_media":0,"parent":0,"menu_order":0,"comment_status":"closed","ping_status":"closed","template":"elementor_header_footer","meta":{"footnotes":""},"class_list":["post-3659","page","type-page","status-publish","hentry"],"jetpack_sharing_enabled":true,"_links":{"self":[{"href":"https:\/\/shoppers.helionresearch.com\/sv\/wp-json\/wp\/v2\/pages\/3659","targetHints":{"allow":["GET"]}}],"collection":[{"href":"https:\/\/shoppers.helionresearch.com\/sv\/wp-json\/wp\/v2\/pages"}],"about":[{"href":"https:\/\/shoppers.helionresearch.com\/sv\/wp-json\/wp\/v2\/types\/page"}],"author":[{"embeddable":true,"href":"https:\/\/shoppers.helionresearch.com\/sv\/wp-json\/wp\/v2\/users\/2375"}],"replies":[{"embeddable":true,"href":"https:\/\/shoppers.helionresearch.com\/sv\/wp-json\/wp\/v2\/comments?post=3659"}],"version-history":[{"count":16,"href":"https:\/\/shoppers.helionresearch.com\/sv\/wp-json\/wp\/v2\/pages\/3659\/revisions"}],"predecessor-version":[{"id":5725,"href":"https:\/\/shoppers.helionresearch.com\/sv\/wp-json\/wp\/v2\/pages\/3659\/revisions\/5725"}],"wp:attachment":[{"href":"https:\/\/shoppers.helionresearch.com\/sv\/wp-json\/wp\/v2\/media?parent=3659"}],"curies":[{"name":"wp","href":"https:\/\/api.w.org\/{rel}","templated":true}]}}