{"id":3871,"date":"2023-07-18T14:35:45","date_gmt":"2023-07-18T14:35:45","guid":{"rendered":"https:\/\/shoppers.helionresearch.com\/?page_id=3871"},"modified":"2024-05-23T12:53:06","modified_gmt":"2024-05-23T12:53:06","slug":"about-de","status":"publish","type":"page","link":"https:\/\/shoppers.helionresearch.com\/sv\/about-de\/","title":{"rendered":"Helion Research Shoppers &#8211; About &#8211; German"},"content":{"rendered":"<div data-elementor-type=\"wp-page\" data-elementor-id=\"3871\" class=\"elementor elementor-3871\" data-elementor-post-type=\"page\">\n\t\t\t\t\t\t<section class=\"elementor-section elementor-top-section elementor-element elementor-element-31050e63 elementor-section-height-min-height elementor-section-boxed elementor-section-height-default elementor-section-items-middle\" data-id=\"31050e63\" data-element_type=\"section\" data-e-type=\"section\" data-settings=\"{&quot;background_background&quot;:&quot;classic&quot;,&quot;shape_divider_bottom&quot;:&quot;waves&quot;}\">\n\t\t\t\t\t\t\t<div class=\"elementor-background-overlay\"><\/div>\n\t\t\t\t\t\t<div class=\"elementor-shape elementor-shape-bottom\" aria-hidden=\"true\" data-negative=\"false\">\n\t\t\t<svg xmlns=\"http:\/\/www.w3.org\/2000\/svg\" viewbox=\"0 0 1000 100\" preserveaspectratio=\"none\">\n\t<path class=\"elementor-shape-fill\" d=\"M421.9,6.5c22.6-2.5,51.5,0.4,75.5,5.3c23.6,4.9,70.9,23.5,100.5,35.7c75.8,32.2,133.7,44.5,192.6,49.7\tc23.6,2.1,48.7,3.5,103.4-2.5c54.7-6,106.2-25.6,106.2-25.6V0H0v30.3c0,0,72,32.6,158.4,30.5c39.2-0.7,92.8-6.7,134-22.4\tc21.2-8.1,52.2-18.2,79.7-24.2C399.3,7.9,411.6,7.5,421.9,6.5z\"\/>\n<\/svg>\t\t<\/div>\n\t\t\t\t\t<div class=\"elementor-container elementor-column-gap-default\">\n\t\t\t\t\t<div class=\"elementor-column elementor-col-100 elementor-top-column elementor-element elementor-element-2db25210\" data-id=\"2db25210\" data-element_type=\"column\" data-e-type=\"column\">\n\t\t\t<div class=\"elementor-widget-wrap elementor-element-populated\">\n\t\t\t\t\t\t<div class=\"elementor-element elementor-element-1bd8d753 elementor-widget elementor-widget-heading\" data-id=\"1bd8d753\" data-element_type=\"widget\" data-e-type=\"widget\" data-widget_type=\"heading.default\">\n\t\t\t\t<div class=\"elementor-widget-container\">\n\t\t\t\t\t<h1 class=\"elementor-heading-title elementor-size-default\">\u00dcber uns<\/h1>\t\t\t\t<\/div>\n\t\t\t\t<\/div>\n\t\t\t\t\t<\/div>\n\t\t<\/div>\n\t\t\t\t\t<\/div>\n\t\t<\/section>\n\t\t\t\t<section class=\"elementor-section elementor-top-section elementor-element elementor-element-7cb3ff54 elementor-section-boxed elementor-section-height-default elementor-section-height-default\" data-id=\"7cb3ff54\" data-element_type=\"section\" data-e-type=\"section\" data-settings=\"{&quot;background_background&quot;:&quot;classic&quot;}\">\n\t\t\t\t\t\t\t<div class=\"elementor-background-overlay\"><\/div>\n\t\t\t\t\t\t\t<div class=\"elementor-container elementor-column-gap-custom\">\n\t\t\t\t\t<div class=\"elementor-column elementor-col-50 elementor-top-column elementor-element elementor-element-36c02c01\" data-id=\"36c02c01\" data-element_type=\"column\" data-e-type=\"column\">\n\t\t\t<div class=\"elementor-widget-wrap elementor-element-populated\">\n\t\t\t\t\t\t<div class=\"elementor-element elementor-element-63a22a62 elementor-widget elementor-widget-heading\" data-id=\"63a22a62\" data-element_type=\"widget\" data-e-type=\"widget\" data-widget_type=\"heading.default\">\n\t\t\t\t<div class=\"elementor-widget-container\">\n\t\t\t\t\t<h2 class=\"elementor-heading-title elementor-size-default\">Wir sind global<\/h2>\t\t\t\t<\/div>\n\t\t\t\t<\/div>\n\t\t\t\t<div class=\"elementor-element elementor-element-99841a4 elementor-widget elementor-widget-text-editor\" data-id=\"99841a4\" data-element_type=\"widget\" data-e-type=\"widget\" data-widget_type=\"text-editor.default\">\n\t\t\t\t<div class=\"elementor-widget-container\">\n\t\t\t\t\t\t\t\t\t<p>Helion Research ist ein f\u00fchrendes Mystery Shopping Unternehmen mit starker globaler Pr\u00e4senz. Mit \u00fcber <strong>400.000 Mystery Shoppern<\/strong> in mehr als <strong>100 L\u00e4ndern<\/strong> weltweit ist Helion Research eines der gr\u00f6\u00dften Mystery Shopping Unternehmen der Welt. Unser Team besteht aus hochqualifizierten Mitarbeitern, die Experten in ihren jeweiligen Regionen und M\u00e4rkten sind.<\/p><p>Zus\u00e4tzlich zu unserem weltweiten Team, verf\u00fcgen wir \u00fcber Niederlassungen in <strong>Belgien<\/strong>, <strong>S\u00fcdafrika<\/strong> und <strong>Bulgarien<\/strong>. Wir arbeiten mit einer Vielzahl gro\u00dfer und renommierter Marken aus verschiedenen Branchen zusammen und helfen ihnen, ihr Kundenerlebnis zu verbessern und sich einen Wettbewerbsvorteil in der Branche zu verschaffen.<\/p><p>Wir bei Helion Research wissen, dass ein vielf\u00e4ltiger Teilnehmerkreis wertvolle Einblicke in die Kundenerfahrungen liefern kann. Wir hei\u00dfen jeden herzlich willkommen, unserer Gemeinschaft beizutreten und wir bieten Schulungen an, die Sie dabei unterst\u00fctzen, hervorragende Mystery Shopper zu werden.<\/p><p>Unser Schulungsprogramm soll den Teilnehmern die F\u00e4higkeiten und Kenntnisse vermitteln, die sie f\u00fcr die effektive Durchf\u00fchrung von Auftr\u00e4gen ben\u00f6tigen. Wir stellen umfassende Schulungsmaterialien und Unterst\u00fctzung zur Verf\u00fcgung, um sicherzustellen, dass unsere Teilnehmer darauf vorbereitet sind, ihre Auftr\u00e4ge mit Genauigkeit und Konsistenz zu erledigen.<\/p><p>Wir glauben, dass unser Ansatz zum Aufbau einer breiten und vielf\u00e4ltigen Gruppe von Mystery Shoppern es uns erm\u00f6glicht, wertvolle Daten aus verschiedenen Perspektiven zu sammeln und unseren Kunden dabei zu helfen, ein tieferes Verst\u00e4ndnis f\u00fcr die Erfahrungen ihrer Kunden zu gewinnen.<\/p>\t\t\t\t\t\t\t\t<\/div>\n\t\t\t\t<\/div>\n\t\t\t\t<div class=\"elementor-element elementor-element-463bfaa4 elementor-align-left elementor-mobile-align-center elementor-widget elementor-widget-button\" data-id=\"463bfaa4\" data-element_type=\"widget\" data-e-type=\"widget\" data-widget_type=\"button.default\">\n\t\t\t\t<div class=\"elementor-widget-container\">\n\t\t\t\t\t\t\t\t\t<div class=\"elementor-button-wrapper\">\n\t\t\t\t\t<a class=\"elementor-button elementor-button-link elementor-size-md\" href=\"https:\/\/www.helionresearch.com\/nl\/home\" target=\"_blank\">\n\t\t\t\t\t\t<span class=\"elementor-button-content-wrapper\">\n\t\t\t\t\t\t\t\t\t<span class=\"elementor-button-text\">Unternehmensseite<\/span>\n\t\t\t\t\t<\/span>\n\t\t\t\t\t<\/a>\n\t\t\t\t<\/div>\n\t\t\t\t\t\t\t\t<\/div>\n\t\t\t\t<\/div>\n\t\t\t\t\t<\/div>\n\t\t<\/div>\n\t\t\t\t<div class=\"elementor-column elementor-col-50 elementor-top-column elementor-element elementor-element-76fb3157\" data-id=\"76fb3157\" data-element_type=\"column\" data-e-type=\"column\">\n\t\t\t<div class=\"elementor-widget-wrap elementor-element-populated\">\n\t\t\t\t\t\t<div class=\"elementor-element elementor-element-32f5617d elementor-absolute elementor-widget elementor-widget-image\" data-id=\"32f5617d\" data-element_type=\"widget\" data-e-type=\"widget\" data-settings=\"{&quot;motion_fx_motion_fx_scrolling&quot;:&quot;yes&quot;,&quot;motion_fx_translateY_effect&quot;:&quot;yes&quot;,&quot;motion_fx_translateY_speed&quot;:{&quot;unit&quot;:&quot;px&quot;,&quot;size&quot;:&quot;1&quot;,&quot;sizes&quot;:[]},&quot;_position&quot;:&quot;absolute&quot;,&quot;motion_fx_translateY_affectedRange&quot;:{&quot;unit&quot;:&quot;%&quot;,&quot;size&quot;:&quot;&quot;,&quot;sizes&quot;:{&quot;start&quot;:0,&quot;end&quot;:100}},&quot;motion_fx_devices&quot;:[&quot;desktop&quot;,&quot;tablet&quot;,&quot;mobile&quot;]}\" data-widget_type=\"image.default\">\n\t\t\t\t<div class=\"elementor-widget-container\">\n\t\t\t\t\t\t\t\t\t\t\t\t\t\t\t<img fetchpriority=\"high\" decoding=\"async\" width=\"992\" height=\"1403\" src=\"https:\/\/shoppers.helionresearch.com\/wp-content\/uploads\/2023\/03\/international-mystery-shopper-jobs.png\" class=\"attachment-full size-full wp-image-1627\" alt=\"\" srcset=\"https:\/\/shoppers.helionresearch.com\/wp-content\/uploads\/2023\/03\/international-mystery-shopper-jobs.png 992w, https:\/\/shoppers.helionresearch.com\/wp-content\/uploads\/2023\/03\/international-mystery-shopper-jobs-212x300.png 212w, https:\/\/shoppers.helionresearch.com\/wp-content\/uploads\/2023\/03\/international-mystery-shopper-jobs-724x1024.png 724w, https:\/\/shoppers.helionresearch.com\/wp-content\/uploads\/2023\/03\/international-mystery-shopper-jobs-768x1086.png 768w\" sizes=\"(max-width: 992px) 100vw, 992px\" \/>\t\t\t\t\t\t\t\t\t\t\t\t\t\t\t<\/div>\n\t\t\t\t<\/div>\n\t\t\t\t\t<\/div>\n\t\t<\/div>\n\t\t\t\t\t<\/div>\n\t\t<\/section>\n\t\t\t\t<section class=\"elementor-section elementor-top-section elementor-element elementor-element-1182077a elementor-section-boxed elementor-section-height-default elementor-section-height-default\" data-id=\"1182077a\" data-element_type=\"section\" data-e-type=\"section\" data-settings=\"{&quot;background_background&quot;:&quot;classic&quot;,&quot;shape_divider_top&quot;:&quot;waves&quot;}\">\n\t\t\t\t\t\t\t<div class=\"elementor-background-overlay\"><\/div>\n\t\t\t\t\t\t<div class=\"elementor-shape elementor-shape-top\" aria-hidden=\"true\" data-negative=\"false\">\n\t\t\t<svg xmlns=\"http:\/\/www.w3.org\/2000\/svg\" viewbox=\"0 0 1000 100\" preserveaspectratio=\"none\">\n\t<path class=\"elementor-shape-fill\" d=\"M421.9,6.5c22.6-2.5,51.5,0.4,75.5,5.3c23.6,4.9,70.9,23.5,100.5,35.7c75.8,32.2,133.7,44.5,192.6,49.7\tc23.6,2.1,48.7,3.5,103.4-2.5c54.7-6,106.2-25.6,106.2-25.6V0H0v30.3c0,0,72,32.6,158.4,30.5c39.2-0.7,92.8-6.7,134-22.4\tc21.2-8.1,52.2-18.2,79.7-24.2C399.3,7.9,411.6,7.5,421.9,6.5z\"\/>\n<\/svg>\t\t<\/div>\n\t\t\t\t\t<div class=\"elementor-container elementor-column-gap-default\">\n\t\t\t\t\t<div class=\"elementor-column elementor-col-50 elementor-top-column elementor-element elementor-element-4bd96626\" data-id=\"4bd96626\" data-element_type=\"column\" data-e-type=\"column\">\n\t\t\t<div class=\"elementor-widget-wrap elementor-element-populated\">\n\t\t\t\t\t\t<div class=\"elementor-element elementor-element-6bca969e elementor-widget elementor-widget-heading\" data-id=\"6bca969e\" data-element_type=\"widget\" data-e-type=\"widget\" data-widget_type=\"heading.default\">\n\t\t\t\t<div class=\"elementor-widget-container\">\n\t\t\t\t\t<h4 class=\"elementor-heading-title elementor-size-default\">Werden Sie Mystery Shopper<\/h4>\t\t\t\t<\/div>\n\t\t\t\t<\/div>\n\t\t\t\t<div class=\"elementor-element elementor-element-7ecf0fef elementor-widget elementor-widget-heading\" data-id=\"7ecf0fef\" data-element_type=\"widget\" data-e-type=\"widget\" data-widget_type=\"heading.default\">\n\t\t\t\t<div class=\"elementor-widget-container\">\n\t\t\t\t\t<h2 class=\"elementor-heading-title elementor-size-default\">f\u00fcr eines der gr\u00f6\u00dften und st\u00e4rksten Mystery Shopper Unternehmen der Branche.<\/h2>\t\t\t\t<\/div>\n\t\t\t\t<\/div>\n\t\t\t\t<div class=\"elementor-element elementor-element-7dd2d83d elementor-mobile-align-center elementor-widget elementor-widget-button\" data-id=\"7dd2d83d\" data-element_type=\"widget\" data-e-type=\"widget\" data-widget_type=\"button.default\">\n\t\t\t\t<div class=\"elementor-widget-container\">\n\t\t\t\t\t\t\t\t\t<div class=\"elementor-button-wrapper\">\n\t\t\t\t\t<a class=\"elementor-button elementor-button-link elementor-size-md\" href=\"https:\/\/system.helionresearch.com\/auth\/index.asp#signup\" target=\"_blank\">\n\t\t\t\t\t\t<span class=\"elementor-button-content-wrapper\">\n\t\t\t\t\t\t\t\t\t<span class=\"elementor-button-text\">Registrierung<\/span>\n\t\t\t\t\t<\/span>\n\t\t\t\t\t<\/a>\n\t\t\t\t<\/div>\n\t\t\t\t\t\t\t\t<\/div>\n\t\t\t\t<\/div>\n\t\t\t\t\t<\/div>\n\t\t<\/div>\n\t\t\t\t<div class=\"elementor-column elementor-col-50 elementor-top-column elementor-element elementor-element-3acf3205\" data-id=\"3acf3205\" data-element_type=\"column\" data-e-type=\"column\">\n\t\t\t<div class=\"elementor-widget-wrap elementor-element-populated\">\n\t\t\t\t\t\t<div class=\"elementor-element elementor-element-4e87d27d elementor-widget elementor-widget-image\" data-id=\"4e87d27d\" data-element_type=\"widget\" data-e-type=\"widget\" data-settings=\"{&quot;motion_fx_motion_fx_scrolling&quot;:&quot;yes&quot;,&quot;motion_fx_translateY_effect&quot;:&quot;yes&quot;,&quot;motion_fx_translateY_direction&quot;:&quot;negative&quot;,&quot;motion_fx_translateY_speed&quot;:{&quot;unit&quot;:&quot;px&quot;,&quot;size&quot;:&quot;1&quot;,&quot;sizes&quot;:[]},&quot;motion_fx_devices&quot;:[&quot;desktop&quot;,&quot;tablet&quot;],&quot;motion_fx_translateY_affectedRange&quot;:{&quot;unit&quot;:&quot;%&quot;,&quot;size&quot;:&quot;&quot;,&quot;sizes&quot;:{&quot;start&quot;:&quot;0&quot;,&quot;end&quot;:&quot;50&quot;}}}\" data-widget_type=\"image.default\">\n\t\t\t\t<div class=\"elementor-widget-container\">\n\t\t\t\t\t\t\t\t\t\t\t\t\t\t\t<img decoding=\"async\" width=\"539\" height=\"539\" src=\"https:\/\/shoppers.helionresearch.com\/wp-content\/uploads\/2023\/07\/Helion-Mystery-Shopper-Jobs.webp\" class=\"attachment-full size-full wp-image-3517\" alt=\"\" srcset=\"https:\/\/shoppers.helionresearch.com\/wp-content\/uploads\/2023\/07\/Helion-Mystery-Shopper-Jobs.webp 539w, https:\/\/shoppers.helionresearch.com\/wp-content\/uploads\/2023\/07\/Helion-Mystery-Shopper-Jobs-300x300.webp 300w, https:\/\/shoppers.helionresearch.com\/wp-content\/uploads\/2023\/07\/Helion-Mystery-Shopper-Jobs-150x150.webp 150w\" sizes=\"(max-width: 539px) 100vw, 539px\" \/>\t\t\t\t\t\t\t\t\t\t\t\t\t\t\t<\/div>\n\t\t\t\t<\/div>\n\t\t\t\t\t<\/div>\n\t\t<\/div>\n\t\t\t\t\t<\/div>\n\t\t<\/section>\n\t\t\t\t<\/div>","protected":false},"excerpt":{"rendered":"<p>\u00dcber uns Wir sind global Helion Research ist ein f\u00fchrendes Mystery Shopping Unternehmen mit starker globaler Pr\u00e4senz. Mit \u00fcber 400.000 Mystery Shoppern in mehr als 100 L\u00e4ndern weltweit ist Helion Research eines der gr\u00f6\u00dften Mystery Shopping Unternehmen der Welt. Unser Team besteht aus hochqualifizierten Mitarbeitern, die Experten in ihren jeweiligen Regionen und M\u00e4rkten sind. Zus\u00e4tzlich [&hellip;]<\/p>","protected":false},"author":2375,"featured_media":0,"parent":0,"menu_order":0,"comment_status":"closed","ping_status":"closed","template":"elementor_header_footer","meta":{"footnotes":""},"class_list":["post-3871","page","type-page","status-publish","hentry"],"jetpack_sharing_enabled":true,"_links":{"self":[{"href":"https:\/\/shoppers.helionresearch.com\/sv\/wp-json\/wp\/v2\/pages\/3871","targetHints":{"allow":["GET"]}}],"collection":[{"href":"https:\/\/shoppers.helionresearch.com\/sv\/wp-json\/wp\/v2\/pages"}],"about":[{"href":"https:\/\/shoppers.helionresearch.com\/sv\/wp-json\/wp\/v2\/types\/page"}],"author":[{"embeddable":true,"href":"https:\/\/shoppers.helionresearch.com\/sv\/wp-json\/wp\/v2\/users\/2375"}],"replies":[{"embeddable":true,"href":"https:\/\/shoppers.helionresearch.com\/sv\/wp-json\/wp\/v2\/comments?post=3871"}],"version-history":[{"count":16,"href":"https:\/\/shoppers.helionresearch.com\/sv\/wp-json\/wp\/v2\/pages\/3871\/revisions"}],"predecessor-version":[{"id":4590,"href":"https:\/\/shoppers.helionresearch.com\/sv\/wp-json\/wp\/v2\/pages\/3871\/revisions\/4590"}],"wp:attachment":[{"href":"https:\/\/shoppers.helionresearch.com\/sv\/wp-json\/wp\/v2\/media?parent=3871"}],"curies":[{"name":"wp","href":"https:\/\/api.w.org\/{rel}","templated":true}]}}