{"id":4941,"date":"2025-07-06T22:42:02","date_gmt":"2025-07-06T22:42:02","guid":{"rendered":"https:\/\/shoppers.helionresearch.com\/?page_id=4941"},"modified":"2026-01-20T16:06:07","modified_gmt":"2026-01-20T16:06:07","slug":"helion-research-shoppers-onboarding-fr","status":"publish","type":"page","link":"https:\/\/shoppers.helionresearch.com\/sv\/helion-research-shoppers-onboarding-fr\/","title":{"rendered":"Helion Research Shoppers &#8211; Onboarding FR"},"content":{"rendered":"<div data-elementor-type=\"wp-page\" data-elementor-id=\"4941\" class=\"elementor elementor-4941\" data-elementor-post-type=\"page\">\n\t\t\t\t\t\t<section class=\"elementor-section elementor-top-section elementor-element elementor-element-4e58ba8d elementor-section-height-min-height elementor-section-boxed elementor-section-height-default elementor-section-items-middle\" data-id=\"4e58ba8d\" data-element_type=\"section\" data-e-type=\"section\" data-settings=\"{&quot;background_background&quot;:&quot;gradient&quot;}\">\n\t\t\t\t\t\t\t<div class=\"elementor-background-overlay\"><\/div>\n\t\t\t\t\t\t\t<div class=\"elementor-container elementor-column-gap-default\">\n\t\t\t\t\t<div class=\"elementor-column elementor-col-100 elementor-top-column elementor-element elementor-element-8996f54\" data-id=\"8996f54\" data-element_type=\"column\" data-e-type=\"column\">\n\t\t\t<div class=\"elementor-widget-wrap elementor-element-populated\">\n\t\t\t\t\t\t<div class=\"elementor-element elementor-element-7454b994 elementor-widget elementor-widget-heading\" data-id=\"7454b994\" data-element_type=\"widget\" data-e-type=\"widget\" data-widget_type=\"heading.default\">\n\t\t\t\t<div class=\"elementor-widget-container\">\n\t\t\t\t\t<h1 class=\"elementor-heading-title elementor-size-default\"><h3 data-start=\"398\" data-end=\"445\" style=\"color: white\">\n  Bienvenue chez Helion \u2014 C\u2019est ici que tout commence\n  <span style=\"font-size: 40px;background-color: transparent\"><\/span>\n<\/h3><\/h1>\t\t\t\t<\/div>\n\t\t\t\t<\/div>\n\t\t\t\t<div class=\"elementor-element elementor-element-30c06ce elementor-widget elementor-widget-video\" data-id=\"30c06ce\" data-element_type=\"widget\" data-e-type=\"widget\" data-settings=\"{&quot;video_type&quot;:&quot;hosted&quot;,&quot;controls&quot;:&quot;yes&quot;}\" data-widget_type=\"video.default\">\n\t\t\t\t<div class=\"elementor-widget-container\">\n\t\t\t\t\t\t\t<div class=\"e-hosted-video elementor-wrapper elementor-open-inline\">\n\t\t\t\t\t<video class=\"elementor-video\" src=\"https:\/\/shoppers.helionresearch.com\/wp-content\/uploads\/2025\/07\/FR-Mystery-Shopper-5-Steps.mp4\" controls=\"\" preload=\"metadata\" controlslist=\"nodownload\"><\/video>\n\t\t\t\t<\/div>\n\t\t\t\t\t\t<\/div>\n\t\t\t\t<\/div>\n\t\t\t\t\t<\/div>\n\t\t<\/div>\n\t\t\t\t\t<\/div>\n\t\t<\/section>\n\t\t\t\t<section class=\"elementor-section elementor-top-section elementor-element elementor-element-75cd202d elementor-section-height-min-height elementor-section-boxed elementor-section-height-default elementor-section-items-middle\" data-id=\"75cd202d\" data-element_type=\"section\" data-e-type=\"section\" data-settings=\"{&quot;background_background&quot;:&quot;classic&quot;}\">\n\t\t\t\t\t\t\t<div class=\"elementor-background-overlay\"><\/div>\n\t\t\t\t\t\t\t<div class=\"elementor-container elementor-column-gap-default\">\n\t\t\t\t\t<div class=\"elementor-column elementor-col-100 elementor-top-column elementor-element elementor-element-72ea3f86\" data-id=\"72ea3f86\" data-element_type=\"column\" data-e-type=\"column\">\n\t\t\t<div class=\"elementor-widget-wrap elementor-element-populated\">\n\t\t\t\t\t\t<div class=\"elementor-element elementor-element-22d8d4d elementor-widget elementor-widget-spacer\" data-id=\"22d8d4d\" data-element_type=\"widget\" data-e-type=\"widget\" data-widget_type=\"spacer.default\">\n\t\t\t\t<div class=\"elementor-widget-container\">\n\t\t\t\t\t\t\t<div class=\"elementor-spacer\">\n\t\t\t<div class=\"elementor-spacer-inner\"><\/div>\n\t\t<\/div>\n\t\t\t\t\t\t<\/div>\n\t\t\t\t<\/div>\n\t\t\t\t<section class=\"elementor-section elementor-inner-section elementor-element elementor-element-342f023 elementor-section-boxed elementor-section-height-default elementor-section-height-default\" data-id=\"342f023\" data-element_type=\"section\" data-e-type=\"section\">\n\t\t\t\t\t\t<div class=\"elementor-container elementor-column-gap-default\">\n\t\t\t\t\t<div class=\"elementor-column elementor-col-100 elementor-inner-column elementor-element elementor-element-1fc6969\" data-id=\"1fc6969\" data-element_type=\"column\" data-e-type=\"column\">\n\t\t\t<div class=\"elementor-widget-wrap elementor-element-populated\">\n\t\t\t\t\t\t<div class=\"elementor-element elementor-element-99a715a elementor-widget elementor-widget-text-editor\" data-id=\"99a715a\" data-element_type=\"widget\" data-e-type=\"widget\" data-widget_type=\"text-editor.default\">\n\t\t\t\t<div class=\"elementor-widget-container\">\n\t\t\t\t\t\t\t\t\t<p data-start=\"224\" data-end=\"354\"><strong data-start=\"224\" data-end=\"258\">Vous venez de rejoindre Helion<\/strong> \u2014 l\u2019agence mondiale \u00e0 l\u2019origine de milliers de missions de mystery shopping \u00e0 travers le monde.<\/p>\n<p data-start=\"356\" data-end=\"489\">Avant de commencer, il est <strong data-start=\"383\" data-end=\"396\">essentiel<\/strong> de lire ce guide ou de regarder la vid\u00e9o ci-dessus, qui explique tout en moins de 5 minutes.<\/p>\n<p data-start=\"491\" data-end=\"631\">Vous apprendrez \u00e0 configurer votre profil, \u00e0 postuler \u00e0 des missions, \u00e0 effectuer vos visites correctement et \u00e0 recevoir votre r\u00e9mun\u00e9ration.<\/p>\n<hr data-start=\"633\" data-end=\"636\" \/>\n<h3 data-start=\"638\" data-end=\"674\">\u00c9TAPE 1 \u2013 COMPL\u00c9TEZ VOTRE PROFIL<\/h3>\n<p data-start=\"676\" data-end=\"709\">Avant de postuler \u00e0 une mission :<\/p>\n<ul data-start=\"711\" data-end=\"809\">\n<li data-start=\"711\" data-end=\"747\">\n<p data-start=\"713\" data-end=\"747\">Allez dans <strong data-start=\"724\" data-end=\"745\">Mon profil \u2192 Plus<\/strong><\/p>\n<\/li>\n<li data-start=\"748\" data-end=\"809\">\n<p data-start=\"750\" data-end=\"809\">Renseignez votre <strong data-start=\"767\" data-end=\"775\">IBAN<\/strong> ou votre <strong data-start=\"785\" data-end=\"809\">adresse email PayPal<\/strong><\/p>\n<\/li>\n<\/ul>\n<p data-start=\"811\" data-end=\"900\">Cela est n\u00e9cessaire pour que vous puissiez \u00eatre r\u00e9mun\u00e9r\u00e9 une fois les missions termin\u00e9es.<\/p>\n<hr data-start=\"902\" data-end=\"905\" \/>\n<h3 data-start=\"907\" data-end=\"929\">\u00c9TAPE 2 \u2013 POSTULEZ<\/h3>\n<ol data-start=\"931\" data-end=\"1127\">\n<li data-start=\"931\" data-end=\"968\">\n<p data-start=\"934\" data-end=\"968\">Connectez-vous au portail Helion<\/p>\n<\/li>\n<li data-start=\"969\" data-end=\"1006\">\n<p data-start=\"972\" data-end=\"1006\">Allez dans <strong data-start=\"983\" data-end=\"1004\">Missions vacantes<\/strong><\/p>\n<\/li>\n<li data-start=\"1007\" data-end=\"1053\">\n<p data-start=\"1010\" data-end=\"1053\">Cliquez sur <strong data-start=\"1022\" data-end=\"1034\">Postulez<\/strong> pour une mission<\/p>\n<\/li>\n<li data-start=\"1054\" data-end=\"1127\">\n<p data-start=\"1057\" data-end=\"1127\">Choisissez une date \u00e0 laquelle vous pouvez effectuer la visite myst\u00e8re<\/p>\n<\/li>\n<\/ol>\n<p data-start=\"1129\" data-end=\"1213\">Une fois votre candidature envoy\u00e9e, la mission appara\u00eetra dans <strong data-start=\"1192\" data-end=\"1212\">Mes applications<\/strong>.<\/p>\n<ul data-start=\"1215\" data-end=\"1457\">\n<li data-start=\"1215\" data-end=\"1336\">\n<p data-start=\"1217\" data-end=\"1336\">Si la mission est attribu\u00e9e \u00e0 un autre shopper, elle sera automatiquement supprim\u00e9e de votre liste sans notification.<\/p>\n<\/li>\n<li data-start=\"1337\" data-end=\"1457\">\n<p data-start=\"1339\" data-end=\"1457\">Si la mission vous est attribu\u00e9e, vous recevrez un <strong data-start=\"1390\" data-end=\"1415\">email de confirmation<\/strong> et elle appara\u00eetra dans <strong data-start=\"1440\" data-end=\"1456\">Mes missions<\/strong>.<\/p>\n<\/li>\n<\/ul>\n<hr data-start=\"1459\" data-end=\"1462\" \/>\n<h3 data-start=\"1464\" data-end=\"1491\">\u00c9TAPE 3 \u2013 PR\u00c9PAREZ-VOUS<\/h3>\n<ol data-start=\"1493\" data-end=\"1763\">\n<li data-start=\"1493\" data-end=\"1525\">\n<p data-start=\"1496\" data-end=\"1525\">Allez dans <strong data-start=\"1507\" data-end=\"1523\">Mes missions<\/strong><\/p>\n<\/li>\n<li data-start=\"1526\" data-end=\"1578\">\n<p data-start=\"1529\" data-end=\"1578\">Cliquez sur <strong data-start=\"1541\" data-end=\"1553\">D\u00e9marrer<\/strong> pour ouvrir la mission<\/p>\n<\/li>\n<li data-start=\"1579\" data-end=\"1630\">\n<p data-start=\"1582\" data-end=\"1630\">Lisez attentivement les instructions de visite<\/p>\n<\/li>\n<li data-start=\"1631\" data-end=\"1680\">\n<p data-start=\"1634\" data-end=\"1680\">Compl\u00e9tez le <strong data-start=\"1647\" data-end=\"1672\">quiz de certification<\/strong> (QCM)<\/p>\n<\/li>\n<li data-start=\"1681\" data-end=\"1763\">\n<p data-start=\"1684\" data-end=\"1763\">Vous devez obtenir <strong data-start=\"1703\" data-end=\"1731\">100 % de bonnes r\u00e9ponses<\/strong> pour d\u00e9bloquer le questionnaire<\/p>\n<\/li>\n<\/ol>\n<p data-start=\"1765\" data-end=\"1782\">Pendant le quiz :<\/p>\n<ul data-start=\"1784\" data-end=\"2031\">\n<li data-start=\"1784\" data-end=\"1883\">\n<p data-start=\"1786\" data-end=\"1883\">Si votre r\u00e9ponse est correcte, la <strong data-start=\"1820\" data-end=\"1881\">question et toutes les r\u00e9ponses seront surlign\u00e9es en vert<\/strong><\/p>\n<\/li>\n<li data-start=\"1884\" data-end=\"1982\">\n<p data-start=\"1886\" data-end=\"1982\">Si aucune option ne devient verte, votre r\u00e9ponse est incorrecte \u2014 r\u00e9visez et essayez \u00e0 nouveau<\/p>\n<\/li>\n<li data-start=\"1983\" data-end=\"2031\">\n<p data-start=\"1985\" data-end=\"2031\">Vous pouvez <strong data-start=\"1997\" data-end=\"2017\">repasser le quiz<\/strong> si n\u00e9cessaire<\/p>\n<\/li>\n<\/ul>\n<p data-start=\"2033\" data-end=\"2070\">Une fois que vous avez obtenu 100 % :<\/p>\n<ul data-start=\"2072\" data-end=\"2169\">\n<li data-start=\"2072\" data-end=\"2107\">\n<p data-start=\"2074\" data-end=\"2107\">Retournez dans <strong data-start=\"2089\" data-end=\"2105\">Mes missions<\/strong><\/p>\n<\/li>\n<li data-start=\"2108\" data-end=\"2169\">\n<p data-start=\"2110\" data-end=\"2169\">Le <strong data-start=\"2113\" data-end=\"2169\">questionnaire sera maintenant d\u00e9bloqu\u00e9 et accessible<\/strong><\/p>\n<\/li>\n<\/ul>\n<blockquote data-start=\"2171\" data-end=\"2355\">\n<p data-start=\"2173\" data-end=\"2355\"><strong data-start=\"2173\" data-end=\"2187\">Remarque :<\/strong> Le quiz de certification est <strong data-start=\"2217\" data-end=\"2230\">diff\u00e9rent<\/strong> du questionnaire.<br data-start=\"2248\" data-end=\"2251\" \/>Le quiz v\u00e9rifie votre compr\u00e9hension de la mission. Le questionnaire est \u00e0 remplir <strong data-start=\"2335\" data-end=\"2354\">apr\u00e8s la visite<\/strong>.<\/p>\n<\/blockquote>\n<p data-start=\"2357\" data-end=\"2381\"><strong data-start=\"2357\" data-end=\"2381\">Avant votre visite :<\/strong><\/p>\n<ul data-start=\"2383\" data-end=\"2633\">\n<li data-start=\"2383\" data-end=\"2419\">\n<p data-start=\"2385\" data-end=\"2419\">Lisez le questionnaire en entier<\/p>\n<\/li>\n<li data-start=\"2420\" data-end=\"2478\">\n<p data-start=\"2422\" data-end=\"2478\">Consultez le cadre informatif en haut du questionnaire<\/p>\n<\/li>\n<li data-start=\"2479\" data-end=\"2549\">\n<p data-start=\"2481\" data-end=\"2549\">Contactez votre <strong data-start=\"2497\" data-end=\"2514\">Panel Manager<\/strong> si quelque chose n\u2019est pas clair<\/p>\n<\/li>\n<li data-start=\"2550\" data-end=\"2633\">\n<p data-start=\"2552\" data-end=\"2633\">Si besoin, demandez un prolongement du d\u00e9lai \u00e0 l\u2019avance (un seul report autoris\u00e9)<\/p>\n<\/li>\n<\/ul>\n<hr data-start=\"2635\" data-end=\"2638\" \/>\n<h3 data-start=\"2640\" data-end=\"2661\">\u00c9TAPE 4 \u2013 \u00c9VALUEZ<\/h3>\n<p data-start=\"2663\" data-end=\"2686\"><strong data-start=\"2663\" data-end=\"2686\">Pendant la visite :<\/strong><\/p>\n<ul data-start=\"2688\" data-end=\"2893\">\n<li data-start=\"2688\" data-end=\"2727\">\n<p data-start=\"2690\" data-end=\"2727\">Suivez les instructions \u00e0 la lettre<\/p>\n<\/li>\n<li data-start=\"2728\" data-end=\"2807\">\n<p data-start=\"2730\" data-end=\"2807\">Agissez naturellement et <strong data-start=\"2755\" data-end=\"2805\">ne r\u00e9v\u00e9lez pas que vous \u00eates un client myst\u00e8re<\/strong><\/p>\n<\/li>\n<li data-start=\"2808\" data-end=\"2893\">\n<p data-start=\"2810\" data-end=\"2893\">Faites attention \u00e0 tous les d\u00e9tails demand\u00e9s \u2014 vous en aurez besoin pour le rapport<\/p>\n<\/li>\n<\/ul>\n<p data-start=\"2895\" data-end=\"2916\"><strong data-start=\"2895\" data-end=\"2916\">Apr\u00e8s la visite :<\/strong><\/p>\n<ul data-start=\"2918\" data-end=\"3155\">\n<li data-start=\"2918\" data-end=\"2949\">\n<p data-start=\"2920\" data-end=\"2949\">Allez dans <strong data-start=\"2931\" data-end=\"2947\">Mes missions<\/strong><\/p>\n<\/li>\n<li data-start=\"2950\" data-end=\"2990\">\n<p data-start=\"2952\" data-end=\"2990\">Ouvrez et compl\u00e9tez le questionnaire<\/p>\n<\/li>\n<li data-start=\"2991\" data-end=\"3076\">\n<p data-start=\"2993\" data-end=\"3076\">Le bouton <strong data-start=\"3003\" data-end=\"3016\">Soumettre<\/strong> n\u2019appara\u00eet que lorsque toutes les questions sont remplies<\/p>\n<\/li>\n<li data-start=\"3077\" data-end=\"3155\">\n<p data-start=\"3079\" data-end=\"3155\">Cliquez sur le bouton de <strong data-start=\"3104\" data-end=\"3127\">v\u00e9rification finale<\/strong> \u00e0 la fin avant de soumettre<\/p>\n<\/li>\n<\/ul>\n<hr data-start=\"3157\" data-end=\"3160\" \/>\n<h3 data-start=\"3162\" data-end=\"3198\">\u00c9TAPE 5 \u2013 RECEVEZ VOTRE PAIEMENT<\/h3>\n<ul data-start=\"3200\" data-end=\"3458\">\n<li data-start=\"3200\" data-end=\"3299\">\n<p data-start=\"3202\" data-end=\"3299\">Le paiement s\u2019effectue via <strong data-start=\"3229\" data-end=\"3237\">IBAN<\/strong> ou <strong data-start=\"3241\" data-end=\"3251\">PayPal<\/strong>, selon les informations que vous avez saisies<\/p>\n<\/li>\n<li data-start=\"3300\" data-end=\"3356\">\n<p data-start=\"3302\" data-end=\"3356\">V\u00e9rifiez vos informations dans <strong data-start=\"3333\" data-end=\"3354\">Mon profil \u2192 Plus<\/strong><\/p>\n<\/li>\n<li data-start=\"3357\" data-end=\"3458\">\n<p data-start=\"3359\" data-end=\"3458\">Les paiements sont trait\u00e9s automatiquement le <strong data-start=\"3405\" data-end=\"3427\">20 du mois suivant<\/strong> la validation de votre mission<\/p>\n<\/li>\n<\/ul>\n<hr data-start=\"3460\" data-end=\"3463\" \/>\n<h3 data-start=\"3465\" data-end=\"3495\">Vous \u00eates pr\u00eat \u00e0 commencer<\/h3>\n<p data-start=\"231\" data-end=\"361\">\u00a0<\/p>\n<p data-start=\"3497\" data-end=\"3707\">Vous avez maintenant tout ce qu\u2019il faut pour d\u00e9buter votre premi\u00e8re mission de mystery shopping en toute confiance.<br data-start=\"3612\" data-end=\"3615\" \/>Nous sommes ravis de vous accueillir parmi nous et avons h\u00e2te de recevoir vos candidatures\u202f!<\/p>\n<div>\u00a0<\/div>\t\t\t\t\t\t\t\t<\/div>\n\t\t\t\t<\/div>\n\t\t\t\t\t<\/div>\n\t\t<\/div>\n\t\t\t\t\t<\/div>\n\t\t<\/section>\n\t\t\t\t\t<\/div>\n\t\t<\/div>\n\t\t\t\t\t<\/div>\n\t\t<\/section>\n\t\t\t\t<section class=\"elementor-section elementor-top-section elementor-element elementor-element-6148121e elementor-section-boxed elementor-section-height-default elementor-section-height-default\" data-id=\"6148121e\" data-element_type=\"section\" data-e-type=\"section\" data-settings=\"{&quot;background_background&quot;:&quot;gradient&quot;,&quot;shape_divider_top&quot;:&quot;waves&quot;}\">\n\t\t\t\t\t\t\t<div class=\"elementor-background-overlay\"><\/div>\n\t\t\t\t\t\t<div class=\"elementor-shape elementor-shape-top\" aria-hidden=\"true\" data-negative=\"false\">\n\t\t\t<svg xmlns=\"http:\/\/www.w3.org\/2000\/svg\" viewbox=\"0 0 1000 100\" preserveaspectratio=\"none\">\n\t<path class=\"elementor-shape-fill\" d=\"M421.9,6.5c22.6-2.5,51.5,0.4,75.5,5.3c23.6,4.9,70.9,23.5,100.5,35.7c75.8,32.2,133.7,44.5,192.6,49.7\tc23.6,2.1,48.7,3.5,103.4-2.5c54.7-6,106.2-25.6,106.2-25.6V0H0v30.3c0,0,72,32.6,158.4,30.5c39.2-0.7,92.8-6.7,134-22.4\tc21.2-8.1,52.2-18.2,79.7-24.2C399.3,7.9,411.6,7.5,421.9,6.5z\"\/>\n<\/svg>\t\t<\/div>\n\t\t\t\t\t<div class=\"elementor-container elementor-column-gap-default\">\n\t\t\t\t\t<div class=\"elementor-column elementor-col-50 elementor-top-column elementor-element elementor-element-1b93f4c2\" data-id=\"1b93f4c2\" data-element_type=\"column\" data-e-type=\"column\">\n\t\t\t<div class=\"elementor-widget-wrap elementor-element-populated\">\n\t\t\t\t\t\t<div class=\"elementor-element elementor-element-cee606a elementor-widget elementor-widget-spacer\" data-id=\"cee606a\" data-element_type=\"widget\" data-e-type=\"widget\" data-widget_type=\"spacer.default\">\n\t\t\t\t<div class=\"elementor-widget-container\">\n\t\t\t\t\t\t\t<div class=\"elementor-spacer\">\n\t\t\t<div class=\"elementor-spacer-inner\"><\/div>\n\t\t<\/div>\n\t\t\t\t\t\t<\/div>\n\t\t\t\t<\/div>\n\t\t\t\t<div class=\"elementor-element elementor-element-12f1e3d9 elementor-widget elementor-widget-heading\" data-id=\"12f1e3d9\" data-element_type=\"widget\" data-e-type=\"widget\" data-widget_type=\"heading.default\">\n\t\t\t\t<div class=\"elementor-widget-container\">\n\t\t\t\t\t<h4 class=\"elementor-heading-title elementor-size-default\"><strong data-start=\"295\" data-end=\"345\">Vous \u00eates pr\u00eat. Commencez votre premi\u00e8re mission maintenant.<\/strong>\n<\/h4>\t\t\t\t<\/div>\n\t\t\t\t<\/div>\n\t\t\t\t<div class=\"elementor-element elementor-element-43bc01dd elementor-mobile-align-center elementor-widget elementor-widget-button\" data-id=\"43bc01dd\" data-element_type=\"widget\" data-e-type=\"widget\" data-widget_type=\"button.default\">\n\t\t\t\t<div class=\"elementor-widget-container\">\n\t\t\t\t\t\t\t\t\t<div class=\"elementor-button-wrapper\">\n\t\t\t\t\t<a class=\"elementor-button elementor-button-link elementor-size-md\" href=\"https:\/\/system.helionresearch.com\/auth\/index.asp#signup\">\n\t\t\t\t\t\t<span class=\"elementor-button-content-wrapper\">\n\t\t\t\t\t\t\t\t\t<span class=\"elementor-button-text\">Se Connecter<\/span>\n\t\t\t\t\t<\/span>\n\t\t\t\t\t<\/a>\n\t\t\t\t<\/div>\n\t\t\t\t\t\t\t\t<\/div>\n\t\t\t\t<\/div>\n\t\t\t\t\t<\/div>\n\t\t<\/div>\n\t\t\t\t<div class=\"elementor-column elementor-col-50 elementor-top-column elementor-element elementor-element-1da4af80\" data-id=\"1da4af80\" data-element_type=\"column\" data-e-type=\"column\">\n\t\t\t<div class=\"elementor-widget-wrap elementor-element-populated\">\n\t\t\t\t\t\t<div class=\"elementor-element elementor-element-e4a2200 elementor-widget elementor-widget-spacer\" data-id=\"e4a2200\" data-element_type=\"widget\" data-e-type=\"widget\" data-widget_type=\"spacer.default\">\n\t\t\t\t<div class=\"elementor-widget-container\">\n\t\t\t\t\t\t\t<div class=\"elementor-spacer\">\n\t\t\t<div class=\"elementor-spacer-inner\"><\/div>\n\t\t<\/div>\n\t\t\t\t\t\t<\/div>\n\t\t\t\t<\/div>\n\t\t\t\t<div class=\"elementor-element elementor-element-7cf130e5 elementor-widget elementor-widget-image\" data-id=\"7cf130e5\" data-element_type=\"widget\" data-e-type=\"widget\" data-settings=\"{&quot;motion_fx_motion_fx_scrolling&quot;:&quot;yes&quot;,&quot;motion_fx_translateY_effect&quot;:&quot;yes&quot;,&quot;motion_fx_translateY_direction&quot;:&quot;negative&quot;,&quot;motion_fx_translateY_speed&quot;:{&quot;unit&quot;:&quot;px&quot;,&quot;size&quot;:&quot;1&quot;,&quot;sizes&quot;:[]},&quot;motion_fx_devices&quot;:[&quot;desktop&quot;,&quot;tablet&quot;],&quot;motion_fx_translateY_affectedRange&quot;:{&quot;unit&quot;:&quot;%&quot;,&quot;size&quot;:&quot;&quot;,&quot;sizes&quot;:{&quot;start&quot;:&quot;0&quot;,&quot;end&quot;:&quot;50&quot;}}}\" data-widget_type=\"image.default\">\n\t\t\t\t<div class=\"elementor-widget-container\">\n\t\t\t\t\t\t\t\t\t\t\t\t\t\t\t<img fetchpriority=\"high\" decoding=\"async\" width=\"600\" height=\"540\" src=\"https:\/\/shoppers.helionresearch.com\/wp-content\/uploads\/2023\/03\/what-is-a-mystery-shopper.png\" class=\"attachment-full size-full wp-image-1204\" alt=\"\" srcset=\"https:\/\/shoppers.helionresearch.com\/wp-content\/uploads\/2023\/03\/what-is-a-mystery-shopper.png 600w, https:\/\/shoppers.helionresearch.com\/wp-content\/uploads\/2023\/03\/what-is-a-mystery-shopper-300x270.png 300w, https:\/\/shoppers.helionresearch.com\/wp-content\/uploads\/2023\/03\/what-is-a-mystery-shopper-13x12.png 13w\" sizes=\"(max-width: 600px) 100vw, 600px\" \/>\t\t\t\t\t\t\t\t\t\t\t\t\t\t\t<\/div>\n\t\t\t\t<\/div>\n\t\t\t\t\t<\/div>\n\t\t<\/div>\n\t\t\t\t\t<\/div>\n\t\t<\/section>\n\t\t\t\t<\/div>","protected":false},"excerpt":{"rendered":"<p>Bienvenue chez Helion \u2014 C\u2019est ici que tout commence https:\/\/shoppers.helionresearch.com\/wp-content\/uploads\/2025\/07\/FR-Mystery-Shopper-5-Steps.mp4 Vous venez de rejoindre Helion \u2014 l\u2019agence mondiale \u00e0 l\u2019origine de milliers de missions de mystery shopping \u00e0 travers le monde. Avant de commencer, il est essentiel de lire ce guide ou de regarder la vid\u00e9o ci-dessus, qui explique tout en moins de 5 minutes. [&hellip;]<\/p>","protected":false},"author":2375,"featured_media":0,"parent":0,"menu_order":0,"comment_status":"closed","ping_status":"closed","template":"elementor_header_footer","meta":{"footnotes":""},"class_list":["post-4941","page","type-page","status-publish","hentry"],"jetpack_sharing_enabled":true,"_links":{"self":[{"href":"https:\/\/shoppers.helionresearch.com\/sv\/wp-json\/wp\/v2\/pages\/4941","targetHints":{"allow":["GET"]}}],"collection":[{"href":"https:\/\/shoppers.helionresearch.com\/sv\/wp-json\/wp\/v2\/pages"}],"about":[{"href":"https:\/\/shoppers.helionresearch.com\/sv\/wp-json\/wp\/v2\/types\/page"}],"author":[{"embeddable":true,"href":"https:\/\/shoppers.helionresearch.com\/sv\/wp-json\/wp\/v2\/users\/2375"}],"replies":[{"embeddable":true,"href":"https:\/\/shoppers.helionresearch.com\/sv\/wp-json\/wp\/v2\/comments?post=4941"}],"version-history":[{"count":13,"href":"https:\/\/shoppers.helionresearch.com\/sv\/wp-json\/wp\/v2\/pages\/4941\/revisions"}],"predecessor-version":[{"id":5662,"href":"https:\/\/shoppers.helionresearch.com\/sv\/wp-json\/wp\/v2\/pages\/4941\/revisions\/5662"}],"wp:attachment":[{"href":"https:\/\/shoppers.helionresearch.com\/sv\/wp-json\/wp\/v2\/media?parent=4941"}],"curies":[{"name":"wp","href":"https:\/\/api.w.org\/{rel}","templated":true}]}}