{"id":4950,"date":"2025-07-06T23:08:51","date_gmt":"2025-07-06T23:08:51","guid":{"rendered":"https:\/\/shoppers.helionresearch.com\/?page_id=4950"},"modified":"2025-07-14T13:43:26","modified_gmt":"2025-07-14T13:43:26","slug":"helion-research-shoppers-onboarding-de","status":"publish","type":"page","link":"https:\/\/shoppers.helionresearch.com\/sv\/helion-research-shoppers-onboarding-de\/","title":{"rendered":"Helion Research Shoppers &#8211; Onboarding DE"},"content":{"rendered":"<div data-elementor-type=\"wp-page\" data-elementor-id=\"4950\" class=\"elementor elementor-4950\" data-elementor-post-type=\"page\">\n\t\t\t\t\t\t<section class=\"elementor-section elementor-top-section elementor-element elementor-element-4e58ba8d elementor-section-height-min-height elementor-section-boxed elementor-section-height-default elementor-section-items-middle\" data-id=\"4e58ba8d\" data-element_type=\"section\" data-e-type=\"section\" data-settings=\"{&quot;background_background&quot;:&quot;gradient&quot;}\">\n\t\t\t\t\t\t\t<div class=\"elementor-background-overlay\"><\/div>\n\t\t\t\t\t\t\t<div class=\"elementor-container elementor-column-gap-default\">\n\t\t\t\t\t<div class=\"elementor-column elementor-col-100 elementor-top-column elementor-element elementor-element-8996f54\" data-id=\"8996f54\" data-element_type=\"column\" data-e-type=\"column\">\n\t\t\t<div class=\"elementor-widget-wrap elementor-element-populated\">\n\t\t\t\t\t\t<div class=\"elementor-element elementor-element-7454b994 elementor-widget elementor-widget-heading\" data-id=\"7454b994\" data-element_type=\"widget\" data-e-type=\"widget\" data-widget_type=\"heading.default\">\n\t\t\t\t<div class=\"elementor-widget-container\">\n\t\t\t\t\t<h1 class=\"elementor-heading-title elementor-size-default\"><h3 data-start=\"398\" data-end=\"445\" style=\"color: white\">\n  Willkommen bei Helion \u2014 Hier f\u00e4ngst du an\n  <span style=\"font-size: 40px;background-color: transparent\"><\/span>\n<\/h3><\/h1>\t\t\t\t<\/div>\n\t\t\t\t<\/div>\n\t\t\t\t<div class=\"elementor-element elementor-element-30c06ce elementor-widget elementor-widget-video\" data-id=\"30c06ce\" data-element_type=\"widget\" data-e-type=\"widget\" data-settings=\"{&quot;video_type&quot;:&quot;hosted&quot;,&quot;controls&quot;:&quot;yes&quot;}\" data-widget_type=\"video.default\">\n\t\t\t\t<div class=\"elementor-widget-container\">\n\t\t\t\t\t\t\t<div class=\"e-hosted-video elementor-wrapper elementor-open-inline\">\n\t\t\t\t\t<video class=\"elementor-video\" src=\"https:\/\/shoppers.helionresearch.com\/wp-content\/uploads\/2025\/07\/DE-Mystery-Shopper-5-Steps.mp4\" controls=\"\" preload=\"metadata\" controlslist=\"nodownload\"><\/video>\n\t\t\t\t<\/div>\n\t\t\t\t\t\t<\/div>\n\t\t\t\t<\/div>\n\t\t\t\t\t<\/div>\n\t\t<\/div>\n\t\t\t\t\t<\/div>\n\t\t<\/section>\n\t\t\t\t<section class=\"elementor-section elementor-top-section elementor-element elementor-element-75cd202d elementor-section-height-min-height elementor-section-boxed elementor-section-height-default elementor-section-items-middle\" data-id=\"75cd202d\" data-element_type=\"section\" data-e-type=\"section\" data-settings=\"{&quot;background_background&quot;:&quot;classic&quot;}\">\n\t\t\t\t\t\t\t<div class=\"elementor-background-overlay\"><\/div>\n\t\t\t\t\t\t\t<div class=\"elementor-container elementor-column-gap-default\">\n\t\t\t\t\t<div class=\"elementor-column elementor-col-100 elementor-top-column elementor-element elementor-element-72ea3f86\" data-id=\"72ea3f86\" data-element_type=\"column\" data-e-type=\"column\">\n\t\t\t<div class=\"elementor-widget-wrap elementor-element-populated\">\n\t\t\t\t\t\t<div class=\"elementor-element elementor-element-22d8d4d elementor-widget elementor-widget-spacer\" data-id=\"22d8d4d\" data-element_type=\"widget\" data-e-type=\"widget\" data-widget_type=\"spacer.default\">\n\t\t\t\t<div class=\"elementor-widget-container\">\n\t\t\t\t\t\t\t<div class=\"elementor-spacer\">\n\t\t\t<div class=\"elementor-spacer-inner\"><\/div>\n\t\t<\/div>\n\t\t\t\t\t\t<\/div>\n\t\t\t\t<\/div>\n\t\t\t\t<section class=\"elementor-section elementor-inner-section elementor-element elementor-element-342f023 elementor-section-boxed elementor-section-height-default elementor-section-height-default\" data-id=\"342f023\" data-element_type=\"section\" data-e-type=\"section\">\n\t\t\t\t\t\t<div class=\"elementor-container elementor-column-gap-default\">\n\t\t\t\t\t<div class=\"elementor-column elementor-col-100 elementor-inner-column elementor-element elementor-element-1fc6969\" data-id=\"1fc6969\" data-element_type=\"column\" data-e-type=\"column\">\n\t\t\t<div class=\"elementor-widget-wrap elementor-element-populated\">\n\t\t\t\t\t\t<div class=\"elementor-element elementor-element-99a715a elementor-widget elementor-widget-text-editor\" data-id=\"99a715a\" data-element_type=\"widget\" data-e-type=\"widget\" data-widget_type=\"text-editor.default\">\n\t\t\t\t<div class=\"elementor-widget-container\">\n\t\t\t\t\t\t\t\t\t<p data-start=\"381\" data-end=\"508\"><strong data-start=\"381\" data-end=\"427\">Du hast dich gerade bei Helion registriert<\/strong> \u2013 der globalen Agentur hinter Tausenden von Mystery Shopping Eins\u00e4tzen weltweit.<\/p>\n<p data-start=\"510\" data-end=\"667\">Bevor du loslegst, ist es <strong data-start=\"536\" data-end=\"547\">wichtig<\/strong>, dass du entweder diesen Leitfaden liest oder dir das obige Video ansiehst, das alles in weniger als 5 Minuten erkl\u00e4rt.<\/p>\n<p data-start=\"669\" data-end=\"796\">Du erf\u00e4hrst, wie du dein Profil einrichtest, dich f\u00fcr Jobs bewirbst, Eins\u00e4tze korrekt durchf\u00fchrst und deine Bezahlung erh\u00e4ltst.<\/p>\n<hr data-start=\"798\" data-end=\"801\" \/>\n<h3 data-start=\"803\" data-end=\"835\">SCHRITT 1 \u2013 PROFIL AUSF\u00dcLLEN<\/h3>\n<p data-start=\"837\" data-end=\"874\">Bevor du dich auf einen Job bewirbst:<\/p>\n<ul data-start=\"876\" data-end=\"970\">\n<li data-start=\"876\" data-end=\"908\">\n<p data-start=\"878\" data-end=\"908\">Gehe zu <strong data-start=\"886\" data-end=\"908\">Mein Profil \u2192 Mehr<\/strong><\/p>\n<\/li>\n<li data-start=\"909\" data-end=\"970\">\n<p data-start=\"911\" data-end=\"970\">Gib deine <strong data-start=\"921\" data-end=\"929\">IBAN<\/strong> oder deine <strong data-start=\"941\" data-end=\"966\">PayPal-E-Mail-Adresse<\/strong> ein<\/p>\n<\/li>\n<\/ul>\n<p data-start=\"972\" data-end=\"1056\">Diese Angaben sind notwendig, damit du nach Abschluss deiner Auftr\u00e4ge bezahlt wirst.<\/p>\n<hr data-start=\"1058\" data-end=\"1061\" \/>\n<h3 data-start=\"1063\" data-end=\"1087\">SCHRITT 2 \u2013 BEWERBEN<\/h3>\n<ol data-start=\"1089\" data-end=\"1301\">\n<li data-start=\"1089\" data-end=\"1124\">\n<p data-start=\"1092\" data-end=\"1124\">Melde dich im Helion-Portal an<\/p>\n<\/li>\n<li data-start=\"1125\" data-end=\"1160\">\n<p data-start=\"1128\" data-end=\"1160\">Gehe zum <strong data-start=\"1137\" data-end=\"1158\">Jobportal (Liste)<\/strong><\/p>\n<\/li>\n<li data-start=\"1161\" data-end=\"1207\">\n<p data-start=\"1164\" data-end=\"1207\">Klicke auf <strong data-start=\"1175\" data-end=\"1187\">Bewerben<\/strong> bei einem Auftrag<\/p>\n<\/li>\n<li data-start=\"1208\" data-end=\"1301\">\n<p data-start=\"1211\" data-end=\"1301\">W\u00e4hle ein Datum aus, an dem du den Mystery Shopping Einsatz zuverl\u00e4ssig durchf\u00fchren kannst<\/p>\n<\/li>\n<\/ol>\n<p data-start=\"1303\" data-end=\"1383\">Sobald du dich beworben hast, erscheint der Auftrag unter <strong data-start=\"1361\" data-end=\"1382\">Meine Bewerbungen<\/strong>.<\/p>\n<ul data-start=\"1385\" data-end=\"1644\">\n<li data-start=\"1385\" data-end=\"1518\">\n<p data-start=\"1387\" data-end=\"1518\">Wenn der Auftrag an einen anderen Shopper vergeben wird, wird er automatisch und ohne Benachrichtigung aus deiner Liste entfernt.<\/p>\n<\/li>\n<li data-start=\"1519\" data-end=\"1644\">\n<p data-start=\"1521\" data-end=\"1644\">Wenn du den Auftrag erh\u00e4ltst, bekommst du eine <strong data-start=\"1568\" data-end=\"1591\">Best\u00e4tigungs-E-Mail<\/strong>, und der Auftrag erscheint unter <strong data-start=\"1625\" data-end=\"1643\">Meine Auftr\u00e4ge<\/strong>.<\/p>\n<\/li>\n<\/ul>\n<hr data-start=\"1646\" data-end=\"1649\" \/>\n<h3 data-start=\"1651\" data-end=\"1679\">SCHRITT 3 \u2013 VORBEREITUNG<\/h3>\n<ol data-start=\"1681\" data-end=\"1948\">\n<li data-start=\"1681\" data-end=\"1712\">\n<p data-start=\"1684\" data-end=\"1712\">Gehe zu <strong data-start=\"1692\" data-end=\"1710\">Meine Auftr\u00e4ge<\/strong><\/p>\n<\/li>\n<li data-start=\"1713\" data-end=\"1764\">\n<p data-start=\"1716\" data-end=\"1764\">Klicke auf <strong data-start=\"1727\" data-end=\"1736\">Start<\/strong>, um den Auftrag zu \u00f6ffnen<\/p>\n<\/li>\n<li data-start=\"1765\" data-end=\"1814\">\n<p data-start=\"1768\" data-end=\"1814\">Lies die Besuchsanweisungen sorgf\u00e4ltig durch<\/p>\n<\/li>\n<li data-start=\"1815\" data-end=\"1872\">\n<p data-start=\"1818\" data-end=\"1872\">Mache das <strong data-start=\"1828\" data-end=\"1852\">Zertifizierungs-Quiz<\/strong> (Multiple Choice)<\/p>\n<\/li>\n<li data-start=\"1873\" data-end=\"1948\">\n<p data-start=\"1876\" data-end=\"1948\">Du musst <strong data-start=\"1885\" data-end=\"1894\">100 %<\/strong> richtig beantworten, um den Fragebogen freizuschalten<\/p>\n<\/li>\n<\/ol>\n<p data-start=\"1950\" data-end=\"1967\">W\u00e4hrend des Quiz:<\/p>\n<ul data-start=\"1969\" data-end=\"2211\">\n<li data-start=\"1969\" data-end=\"2069\">\n<p data-start=\"1971\" data-end=\"2069\">Wenn deine Antwort korrekt ist, werden die <strong data-start=\"2014\" data-end=\"2067\">Frage und alle Antwortoptionen gr\u00fcn hervorgehoben<\/strong><\/p>\n<\/li>\n<li data-start=\"2070\" data-end=\"2152\">\n<p data-start=\"2072\" data-end=\"2152\">Wenn nichts gr\u00fcn wird, ist deine Antwort falsch \u2013 \u00fcberpr\u00fcfe und korrigiere sie<\/p>\n<\/li>\n<li data-start=\"2153\" data-end=\"2211\">\n<p data-start=\"2155\" data-end=\"2211\">Du kannst das Quiz <strong data-start=\"2174\" data-end=\"2198\">mehrmals wiederholen<\/strong>, falls n\u00f6tig<\/p>\n<\/li>\n<\/ul>\n<p data-start=\"2213\" data-end=\"2243\">Sobald du 100 % erreicht hast:<\/p>\n<ul data-start=\"2245\" data-end=\"2340\">\n<li data-start=\"2245\" data-end=\"2283\">\n<p data-start=\"2247\" data-end=\"2283\">Kehre zur\u00fcck zu <strong data-start=\"2263\" data-end=\"2281\">Meine Auftr\u00e4ge<\/strong><\/p>\n<\/li>\n<li data-start=\"2284\" data-end=\"2340\">\n<p data-start=\"2286\" data-end=\"2340\">Der Fragebogen ist jetzt freigeschaltet und zug\u00e4nglich<\/p>\n<\/li>\n<\/ul>\n<blockquote data-start=\"2342\" data-end=\"2501\">\n<p data-start=\"2344\" data-end=\"2501\"><strong data-start=\"2344\" data-end=\"2356\">Hinweis:<\/strong> Das Zertifizierungs-Quiz ist <strong data-start=\"2386\" data-end=\"2395\">nicht<\/strong> der Fragebogen.<br data-start=\"2411\" data-end=\"2414\" \/>Das Quiz dient der Vorbereitung \u2013 der Fragebogen wird <strong data-start=\"2470\" data-end=\"2489\">nach dem Besuch<\/strong> ausgef\u00fcllt.<\/p>\n<\/blockquote>\n<p data-start=\"2503\" data-end=\"2525\"><strong data-start=\"2503\" data-end=\"2525\">Vor deinem Besuch:<\/strong><\/p>\n<ul data-start=\"2527\" data-end=\"2749\">\n<li data-start=\"2527\" data-end=\"2559\">\n<p data-start=\"2529\" data-end=\"2559\">Lies den gesamten Fragebogen<\/p>\n<\/li>\n<li data-start=\"2560\" data-end=\"2606\">\n<p data-start=\"2562\" data-end=\"2606\">Beachte den Infobereich oben im Fragebogen<\/p>\n<\/li>\n<li data-start=\"2607\" data-end=\"2670\">\n<p data-start=\"2609\" data-end=\"2670\">Kontaktiere deinen <strong data-start=\"2628\" data-end=\"2645\">Panel Manager<\/strong>, wenn etwas unklar ist<\/p>\n<\/li>\n<li data-start=\"2671\" data-end=\"2749\">\n<p data-start=\"2673\" data-end=\"2749\">Falls n\u00f6tig, beantrage eine Fristverl\u00e4ngerung im Voraus (nur einmal m\u00f6glich)<\/p>\n<\/li>\n<\/ul>\n<hr data-start=\"2751\" data-end=\"2754\" \/>\n<h3 data-start=\"2756\" data-end=\"2780\">SCHRITT 4 \u2013 BEWERTEN<\/h3>\n<p data-start=\"2782\" data-end=\"2806\"><strong data-start=\"2782\" data-end=\"2806\">W\u00e4hrend des Besuchs:<\/strong><\/p>\n<ul data-start=\"2808\" data-end=\"2993\">\n<li data-start=\"2808\" data-end=\"2841\">\n<p data-start=\"2810\" data-end=\"2841\">Befolge die Anweisungen genau<\/p>\n<\/li>\n<li data-start=\"2842\" data-end=\"2924\">\n<p data-start=\"2844\" data-end=\"2924\">Verhalte dich nat\u00fcrlich und <strong data-start=\"2872\" data-end=\"2922\">gib dich nicht als Mystery Shopper zu erkennen<\/strong><\/p>\n<\/li>\n<li data-start=\"2925\" data-end=\"2993\">\n<p data-start=\"2927\" data-end=\"2993\">Merke dir alle wichtigen Details \u2013 du brauchst sie f\u00fcr den Bericht<\/p>\n<\/li>\n<\/ul>\n<p data-start=\"2995\" data-end=\"3015\"><strong data-start=\"2995\" data-end=\"3015\">Nach dem Besuch:<\/strong><\/p>\n<ul data-start=\"3017\" data-end=\"3240\">\n<li data-start=\"3017\" data-end=\"3047\">\n<p data-start=\"3019\" data-end=\"3047\">Gehe zu <strong data-start=\"3027\" data-end=\"3045\">Meine Auftr\u00e4ge<\/strong><\/p>\n<\/li>\n<li data-start=\"3048\" data-end=\"3086\">\n<p data-start=\"3050\" data-end=\"3086\">\u00d6ffne und f\u00fclle den Fragebogen aus<\/p>\n<\/li>\n<li data-start=\"3087\" data-end=\"3163\">\n<p data-start=\"3089\" data-end=\"3163\">Der Button <strong data-start=\"3100\" data-end=\"3112\">Absenden<\/strong> erscheint nur, wenn alle Fragen beantwortet sind<\/p>\n<\/li>\n<li data-start=\"3164\" data-end=\"3240\">\n<p data-start=\"3166\" data-end=\"3240\">Nutze den <strong data-start=\"3176\" data-end=\"3201\">Abschlusscheck-Button<\/strong> am Ende zur Kontrolle vor dem Absenden<\/p>\n<\/li>\n<\/ul>\n<hr data-start=\"3242\" data-end=\"3245\" \/>\n<h3 data-start=\"3247\" data-end=\"3281\">SCHRITT 5 \u2013 BEZAHLUNG ERHALTEN<\/h3>\n<ul data-start=\"3283\" data-end=\"3570\">\n<li data-start=\"3283\" data-end=\"3361\">\n<p data-start=\"3285\" data-end=\"3361\">Die Bezahlung erfolgt per <strong data-start=\"3311\" data-end=\"3319\">IBAN<\/strong> oder <strong data-start=\"3325\" data-end=\"3335\">PayPal<\/strong>, je nach deinen Angaben<\/p>\n<\/li>\n<li data-start=\"3362\" data-end=\"3459\">\n<p data-start=\"3364\" data-end=\"3459\">Stelle sicher, dass deine Zahlungsdaten unter <strong data-start=\"3410\" data-end=\"3432\">Mein Profil \u2192 Mehr<\/strong> korrekt eingetragen sind<\/p>\n<\/li>\n<li data-start=\"3460\" data-end=\"3570\">\n<p data-start=\"3462\" data-end=\"3570\">Die Zahlungen werden automatisch am <strong data-start=\"3498\" data-end=\"3521\">20. des Folgemonats<\/strong> nach erfolgreicher Auftragsabwicklung ausgef\u00fchrt<\/p>\n<\/li>\n<\/ul>\n<hr data-start=\"3572\" data-end=\"3575\" \/>\n<h3 data-start=\"3577\" data-end=\"3606\">Du bist bereit loszulegen<\/h3>\n<p data-start=\"139\" data-end=\"245\">\u00a0<\/p>\n<p data-start=\"3608\" data-end=\"3798\">Jetzt hast du alles, was du brauchst, um deinen ersten Mystery Shopping Auftrag sicher und erfolgreich zu starten.<br data-start=\"3722\" data-end=\"3725\" \/>Wir freuen uns, dich im Team zu haben \u2013 und auf deine ersten Bewerbungen!<\/p>\n<div>\u00a0<\/div>\t\t\t\t\t\t\t\t<\/div>\n\t\t\t\t<\/div>\n\t\t\t\t\t<\/div>\n\t\t<\/div>\n\t\t\t\t\t<\/div>\n\t\t<\/section>\n\t\t\t\t\t<\/div>\n\t\t<\/div>\n\t\t\t\t\t<\/div>\n\t\t<\/section>\n\t\t\t\t<section class=\"elementor-section elementor-top-section elementor-element elementor-element-6148121e elementor-section-boxed elementor-section-height-default elementor-section-height-default\" data-id=\"6148121e\" data-element_type=\"section\" data-e-type=\"section\" data-settings=\"{&quot;background_background&quot;:&quot;gradient&quot;,&quot;shape_divider_top&quot;:&quot;waves&quot;}\">\n\t\t\t\t\t\t\t<div class=\"elementor-background-overlay\"><\/div>\n\t\t\t\t\t\t<div class=\"elementor-shape elementor-shape-top\" aria-hidden=\"true\" data-negative=\"false\">\n\t\t\t<svg xmlns=\"http:\/\/www.w3.org\/2000\/svg\" viewbox=\"0 0 1000 100\" preserveaspectratio=\"none\">\n\t<path class=\"elementor-shape-fill\" d=\"M421.9,6.5c22.6-2.5,51.5,0.4,75.5,5.3c23.6,4.9,70.9,23.5,100.5,35.7c75.8,32.2,133.7,44.5,192.6,49.7\tc23.6,2.1,48.7,3.5,103.4-2.5c54.7-6,106.2-25.6,106.2-25.6V0H0v30.3c0,0,72,32.6,158.4,30.5c39.2-0.7,92.8-6.7,134-22.4\tc21.2-8.1,52.2-18.2,79.7-24.2C399.3,7.9,411.6,7.5,421.9,6.5z\"\/>\n<\/svg>\t\t<\/div>\n\t\t\t\t\t<div class=\"elementor-container elementor-column-gap-default\">\n\t\t\t\t\t<div class=\"elementor-column elementor-col-50 elementor-top-column elementor-element elementor-element-1b93f4c2\" data-id=\"1b93f4c2\" data-element_type=\"column\" data-e-type=\"column\">\n\t\t\t<div class=\"elementor-widget-wrap elementor-element-populated\">\n\t\t\t\t\t\t<div class=\"elementor-element elementor-element-cee606a elementor-widget elementor-widget-spacer\" data-id=\"cee606a\" data-element_type=\"widget\" data-e-type=\"widget\" data-widget_type=\"spacer.default\">\n\t\t\t\t<div class=\"elementor-widget-container\">\n\t\t\t\t\t\t\t<div class=\"elementor-spacer\">\n\t\t\t<div class=\"elementor-spacer-inner\"><\/div>\n\t\t<\/div>\n\t\t\t\t\t\t<\/div>\n\t\t\t\t<\/div>\n\t\t\t\t<div class=\"elementor-element elementor-element-12f1e3d9 elementor-widget elementor-widget-heading\" data-id=\"12f1e3d9\" data-element_type=\"widget\" data-e-type=\"widget\" data-widget_type=\"heading.default\">\n\t\t\t\t<div class=\"elementor-widget-container\">\n\t\t\t\t\t<h4 class=\"elementor-heading-title elementor-size-default\"><strong data-start=\"295\" data-end=\"345\">Du bist bereit. Starte jetzt mit deinem ersten Auftrag.<\/strong>\n<\/h4>\t\t\t\t<\/div>\n\t\t\t\t<\/div>\n\t\t\t\t<div class=\"elementor-element elementor-element-43bc01dd elementor-mobile-align-center elementor-widget elementor-widget-button\" data-id=\"43bc01dd\" data-element_type=\"widget\" data-e-type=\"widget\" data-widget_type=\"button.default\">\n\t\t\t\t<div class=\"elementor-widget-container\">\n\t\t\t\t\t\t\t\t\t<div class=\"elementor-button-wrapper\">\n\t\t\t\t\t<a class=\"elementor-button elementor-button-link elementor-size-md\" href=\"https:\/\/system.helionresearch.com\/auth\/index.asp#signup\">\n\t\t\t\t\t\t<span class=\"elementor-button-content-wrapper\">\n\t\t\t\t\t\t\t\t\t<span class=\"elementor-button-text\">Anmeldung<\/span>\n\t\t\t\t\t<\/span>\n\t\t\t\t\t<\/a>\n\t\t\t\t<\/div>\n\t\t\t\t\t\t\t\t<\/div>\n\t\t\t\t<\/div>\n\t\t\t\t\t<\/div>\n\t\t<\/div>\n\t\t\t\t<div class=\"elementor-column elementor-col-50 elementor-top-column elementor-element elementor-element-1da4af80\" data-id=\"1da4af80\" data-element_type=\"column\" data-e-type=\"column\">\n\t\t\t<div class=\"elementor-widget-wrap elementor-element-populated\">\n\t\t\t\t\t\t<div class=\"elementor-element elementor-element-e4a2200 elementor-widget elementor-widget-spacer\" data-id=\"e4a2200\" data-element_type=\"widget\" data-e-type=\"widget\" data-widget_type=\"spacer.default\">\n\t\t\t\t<div class=\"elementor-widget-container\">\n\t\t\t\t\t\t\t<div class=\"elementor-spacer\">\n\t\t\t<div class=\"elementor-spacer-inner\"><\/div>\n\t\t<\/div>\n\t\t\t\t\t\t<\/div>\n\t\t\t\t<\/div>\n\t\t\t\t<div class=\"elementor-element elementor-element-7cf130e5 elementor-widget elementor-widget-image\" data-id=\"7cf130e5\" data-element_type=\"widget\" data-e-type=\"widget\" data-settings=\"{&quot;motion_fx_motion_fx_scrolling&quot;:&quot;yes&quot;,&quot;motion_fx_translateY_effect&quot;:&quot;yes&quot;,&quot;motion_fx_translateY_direction&quot;:&quot;negative&quot;,&quot;motion_fx_translateY_speed&quot;:{&quot;unit&quot;:&quot;px&quot;,&quot;size&quot;:&quot;1&quot;,&quot;sizes&quot;:[]},&quot;motion_fx_devices&quot;:[&quot;desktop&quot;,&quot;tablet&quot;],&quot;motion_fx_translateY_affectedRange&quot;:{&quot;unit&quot;:&quot;%&quot;,&quot;size&quot;:&quot;&quot;,&quot;sizes&quot;:{&quot;start&quot;:&quot;0&quot;,&quot;end&quot;:&quot;50&quot;}}}\" data-widget_type=\"image.default\">\n\t\t\t\t<div class=\"elementor-widget-container\">\n\t\t\t\t\t\t\t\t\t\t\t\t\t\t\t<img fetchpriority=\"high\" decoding=\"async\" width=\"600\" height=\"540\" src=\"https:\/\/shoppers.helionresearch.com\/wp-content\/uploads\/2023\/03\/what-is-a-mystery-shopper.png\" class=\"attachment-full size-full wp-image-1204\" alt=\"\" srcset=\"https:\/\/shoppers.helionresearch.com\/wp-content\/uploads\/2023\/03\/what-is-a-mystery-shopper.png 600w, https:\/\/shoppers.helionresearch.com\/wp-content\/uploads\/2023\/03\/what-is-a-mystery-shopper-300x270.png 300w, https:\/\/shoppers.helionresearch.com\/wp-content\/uploads\/2023\/03\/what-is-a-mystery-shopper-13x12.png 13w\" sizes=\"(max-width: 600px) 100vw, 600px\" \/>\t\t\t\t\t\t\t\t\t\t\t\t\t\t\t<\/div>\n\t\t\t\t<\/div>\n\t\t\t\t\t<\/div>\n\t\t<\/div>\n\t\t\t\t\t<\/div>\n\t\t<\/section>\n\t\t\t\t<\/div>","protected":false},"excerpt":{"rendered":"<p>Willkommen bei Helion \u2014 Hier f\u00e4ngst du an https:\/\/shoppers.helionresearch.com\/wp-content\/uploads\/2025\/07\/DE-Mystery-Shopper-5-Steps.mp4 Du hast dich gerade bei Helion registriert \u2013 der globalen Agentur hinter Tausenden von Mystery Shopping Eins\u00e4tzen weltweit. Bevor du loslegst, ist es wichtig, dass du entweder diesen Leitfaden liest oder dir das obige Video ansiehst, das alles in weniger als 5 Minuten erkl\u00e4rt. Du erf\u00e4hrst, [&hellip;]<\/p>","protected":false},"author":2375,"featured_media":0,"parent":0,"menu_order":0,"comment_status":"closed","ping_status":"closed","template":"elementor_header_footer","meta":{"footnotes":""},"class_list":["post-4950","page","type-page","status-publish","hentry"],"jetpack_sharing_enabled":true,"_links":{"self":[{"href":"https:\/\/shoppers.helionresearch.com\/sv\/wp-json\/wp\/v2\/pages\/4950","targetHints":{"allow":["GET"]}}],"collection":[{"href":"https:\/\/shoppers.helionresearch.com\/sv\/wp-json\/wp\/v2\/pages"}],"about":[{"href":"https:\/\/shoppers.helionresearch.com\/sv\/wp-json\/wp\/v2\/types\/page"}],"author":[{"embeddable":true,"href":"https:\/\/shoppers.helionresearch.com\/sv\/wp-json\/wp\/v2\/users\/2375"}],"replies":[{"embeddable":true,"href":"https:\/\/shoppers.helionresearch.com\/sv\/wp-json\/wp\/v2\/comments?post=4950"}],"version-history":[{"count":7,"href":"https:\/\/shoppers.helionresearch.com\/sv\/wp-json\/wp\/v2\/pages\/4950\/revisions"}],"predecessor-version":[{"id":5009,"href":"https:\/\/shoppers.helionresearch.com\/sv\/wp-json\/wp\/v2\/pages\/4950\/revisions\/5009"}],"wp:attachment":[{"href":"https:\/\/shoppers.helionresearch.com\/sv\/wp-json\/wp\/v2\/media?parent=4950"}],"curies":[{"name":"wp","href":"https:\/\/api.w.org\/{rel}","templated":true}]}}